{"id":871,"date":"2013-01-28T18:22:07","date_gmt":"2013-01-28T17:22:07","guid":{"rendered":"https:\/\/www.siah-croult.org\/_old\/?page_id=871"},"modified":"2021-11-22T10:47:44","modified_gmt":"2021-11-22T09:47:44","slug":"contact-plan-dacces","status":"publish","type":"page","link":"https:\/\/www.siah-croult.org\/_old\/contact-plan-dacces\/","title":{"rendered":"Contact \/ plan d&rsquo;acc\u00e8s"},"content":{"rendered":"<div class=\"col-sm-12\">\n<div class=\"col-contact-info\">SIAH Croult et Petit Rosne rue de l&rsquo;Eau et des Enfants 95500 BONNEUIL-EN-FRANCE Tel : 01.30.11.15.15<\/div>\n<\/div>\n<div class=\"col-sm-12\">\n<div class=\"wpcf7 no-js\" id=\"wpcf7-f4719-o1\" lang=\"fr-FR\" dir=\"ltr\" data-wpcf7-id=\"4719\">\n<div class=\"screen-reader-response\"><p role=\"status\" aria-live=\"polite\" aria-atomic=\"true\"><\/p> <ul><\/ul><\/div>\n<form action=\"\/_old\/wp-json\/wp\/v2\/pages\/871#wpcf7-f4719-o1\" method=\"post\" class=\"wpcf7-form init\" aria-label=\"Formulaire de contact\" enctype=\"multipart\/form-data\" novalidate=\"novalidate\" data-status=\"init\">\n<fieldset class=\"hidden-fields-container\"><input type=\"hidden\" name=\"_wpcf7\" value=\"4719\" \/><input type=\"hidden\" name=\"_wpcf7_version\" value=\"6.1.5\" \/><input type=\"hidden\" name=\"_wpcf7_locale\" value=\"fr_FR\" \/><input type=\"hidden\" name=\"_wpcf7_unit_tag\" value=\"wpcf7-f4719-o1\" \/><input type=\"hidden\" name=\"_wpcf7_container_post\" value=\"0\" \/><input type=\"hidden\" name=\"_wpcf7_posted_data_hash\" value=\"\" \/>\n<\/fieldset>\n<div class=\"col-sm-6\">\n\t<div class=\"form-group\">\n\t\t<p><label><span class=\"pull-right text-danger\"><i class=\"icon icon-maxicons2-fix\"><\/i><\/span>Votre nom et votre pr\u00e9nom<\/label><span class=\"wpcf7-form-control-wrap\" data-name=\"name-surname\"><input size=\"40\" maxlength=\"400\" class=\"wpcf7-form-control wpcf7-text wpcf7-validates-as-required form-control\" aria-required=\"true\" aria-invalid=\"false\" placeholder=\"Nom et pr\u00e9nom\" value=\"\" type=\"text\" name=\"name-surname\" \/><\/span>\n\t\t<\/p>\n\t<\/div>\n<\/div>\n<div class=\"col-sm-6\">\n\t<div class=\"form-group\">\n\t\t<p><label>Nom de l'organisme que vous repr\u00e9sent\u00e9<\/label><span class=\"wpcf7-form-control-wrap\" data-name=\"organisme\"><input size=\"40\" maxlength=\"400\" class=\"wpcf7-form-control wpcf7-text form-control\" aria-invalid=\"false\" placeholder=\"Organisme\" value=\"\" type=\"text\" name=\"organisme\" \/><\/span>\n\t\t<\/p>\n\t<\/div>\n<\/div>\n<div class=\"clearfix\">\n<\/div>\n<div class=\"col-sm-6\">\n\t<div class=\"form-group\">\n\t\t<p><label>Votre num\u00e9ro de t\u00e9l\u00e9phone<\/label><span class=\"wpcf7-form-control-wrap\" data-name=\"tel\"><input size=\"40\" maxlength=\"400\" class=\"wpcf7-form-control wpcf7-tel wpcf7-text wpcf7-validates-as-tel form-control\" aria-invalid=\"false\" placeholder=\"T\u00e9l\u00e9phone\" value=\"\" type=\"tel\" name=\"tel\" \/><\/span>\n\t\t<\/p>\n\t<\/div>\n<\/div>\n<div class=\"col-sm-6\">\n\t<div class=\"form-group\">\n\t\t<p><label><span class=\"pull-right text-danger\"><i class=\"icon icon-maxicons2-fix\"><\/i><\/span>Votre adresse mail<\/label><span class=\"wpcf7-form-control-wrap\" data-name=\"mail\"><input size=\"40\" maxlength=\"400\" class=\"wpcf7-form-control wpcf7-email wpcf7-validates-as-required wpcf7-text wpcf7-validates-as-email form-control\" aria-required=\"true\" aria-invalid=\"false\" placeholder=\"Adresse mail\" value=\"\" type=\"email\" name=\"mail\" \/><\/span>\n\t\t<\/p>\n\t<\/div>\n<\/div>\n<div class=\"col-sm-12\">\n\t<div class=\"form-group\">\n\t\t<p><label><span class=\"pull-right text-danger\"><i class=\"icon icon-maxicons2-fix\"><\/i><\/span>Votre message<\/label><span class=\"wpcf7-form-control-wrap\" data-name=\"message\"><textarea cols=\"40\" rows=\"10\" maxlength=\"2000\" class=\"wpcf7-form-control wpcf7-textarea wpcf7-validates-as-required form-control\" aria-required=\"true\" aria-invalid=\"false\" placeholder=\"message\" name=\"message\"><\/textarea><\/span>\n\t\t<\/p>\n\t<\/div>\n<\/div>\n<div class=\"col-sm-12\">\n\t<div class=\"form-group\">\n\t\t<p><label>Joindre un fichier \u00e0 votre message<\/label><span class=\"wpcf7-form-control-wrap\" data-name=\"file\"><input size=\"40\" class=\"wpcf7-form-control wpcf7-file form-control\" accept=\".jpg,.pdf,.gif,.png,.doc,.docx,.odt,.xodt,.xls,.xlsx,.svg,.ppt\" aria-invalid=\"false\" type=\"file\" name=\"file\" \/><\/span>\n\t\t<\/p>\n\t<\/div>\n<\/div>\n<div class=\"col-sm-6\">\n\t<p><input class=\"wpcf7-form-control wpcf7-submit has-spinner btn btn-success\" type=\"submit\" value=\"Envoyer votre message\" \/>\n\t<\/p>\n<\/div>\n<div class=\"col-sm-6\">\n\t<div class=\"text-danger text-right\">\n\t\t<p><i class=\"icon icon-maxicons2-fix\"><\/i> Champs obligatoires\n\t\t<\/p>\n\t<\/div>\n<\/div>\n<div class=\"clearfix\">\n<\/div><div class=\"wpcf7-response-output\" aria-hidden=\"true\"><\/div>\n<\/form>\n<\/div>\n<\/div>\n<div class=\"clearfix\"><\/div>\n<hr \/>\n<div class=\"col-sm-6\">\n<h3>Plan d&rsquo;acc\u00e8s<\/h3>\n<h4 class=\"text-info\">Coordonn\u00e9es \/ informations GPS :<\/h4>\n<div class=\"p\">Rue de l&rsquo;Eau et des Enfants &#8211; Garges les Gonesse ou Dugny en fonction du service de cartographie routi\u00e8re que vous utilisez.<\/div>\n<div class=\"col-contact-droid p\"><img decoding=\"async\" src=\"https:\/\/www.siah-croult.org\/_old\/wp-content\/uploads\/2013\/01\/WL_Android_icon.png\" alt=\"WL_Android_icon\" \/>Les utilisateurs d&rsquo;un GPS sous Android (Google-Maps, Waze) ont la possibilit\u00e9 d&rsquo;entrer SIAH uniquement comme destination<\/div>\n<h4 class=\"text-info\">Itin\u00e9raire routier :<\/h4>\n<div class=\"p\">Par l&rsquo;A1, sortie Le Bourget, suivre la direction de Dugny Centre. Dans Dugny suivre les panneaux \u00ab\u00a0Station d&rsquo;\u00e9puration\u00a0\u00bb. Attention, ne jamais se diriger vers Bonneuil-en-France, la station de d\u00e9pollution est en r\u00e9alit\u00e9 situ\u00e9e en limite de Garges les Gonesse et Dugny.<\/div>\n<h4 class=\"text-info\">Transports en commun :<\/h4>\n<div class=\"p\">RER D jusqu&rsquo;a Garges-Sarcelles ou RER B jusqu&rsquo;\u00e0 Le Bourget puis BUS 133 arr\u00eat L\u00e9o Lagrange quelle que soit la gare choisie<\/div>\n<\/div>\n<div class=\"col-sm-6\">\n<h3>Voir sur la carte<\/h3>\n\n            <div \n                class=\"elfsight-widget-google-maps elfsight-widget\" \n                data-elfsight-google-maps-options=\"%7B%22categoriesEnabled%22%3Afalse%2C%22categories%22%3A%5B%5D%2C%22icons%22%3A%5B%5D%2C%22lang%22%3A%22fr%22%2C%22distanceUnits%22%3A%22km%22%2C%22markers%22%3A%5B%7B%22position%22%3A%22Rue%20de%20l%20Eau%20et%20des%20Enfants%2C%2095500%20Bonneuil-en-France%2C%20France%22%2C%22coordinates%22%3A%2248.959938%2C%202.4212121%22%2C%22icon%22%3A%22%22%2C%22iconUrl%22%3A%22%22%2C%22infoWindow%22%3Atrue%2C%22infoTitle%22%3A%22%20%20Syndicat%20Intercommunal%20Am%5Cu00e9nagement%20Hydraulique%20Vall%5Cu00e9es%22%2C%22infoDescription%22%3A%22%22%2C%22infoImage%22%3Anull%2C%22infoAddress%22%3A%22Rue%20de%20l%20Eau%20et%20des%20Enfants%2C%2095500%20Bonneuil-en-France%2C%20France%22%2C%22infoSite%22%3A%22%22%2C%22infoPhone%22%3A%2201%2030%2011%2015%2015%22%2C%22infoEmail%22%3A%22%22%2C%22infoWorkingHours%22%3A%22%22%2C%22infoWindowOpenedByDefault%22%3Atrue%2C%22markerClickAction%22%3A%22infoWindow%22%2C%22animation%22%3A%22none%22%2C%22linkUrl%22%3A%22%22%2C%22category%22%3A%22%22%7D%5D%2C%22mapType%22%3A%22roadmap%22%2C%22center%22%3A%22auto%22%2C%22zoom%22%3A%2214%22%2C%22controls%22%3A%5B%22zoom%22%2C%22scale%22%5D%2C%22markerClusterEnabled%22%3Afalse%2C%22markerClusterZoom%22%3Afalse%2C%22markerClusterMin%22%3A2%2C%22markerClusterIcon%22%3A%22default%22%2C%22markerClusterIconColor%22%3A%22%22%2C%22markerClusterIconUrl%22%3Anull%2C%22markerClusterSize%22%3A52%2C%22infoDirections%22%3Afalse%2C%22directionsTarget%22%3A%22inline%22%2C%22scrollwheel%22%3Afalse%2C%22draggable%22%3Atrue%2C%22layers%22%3A%5B%5D%2C%22width%22%3A%22auto%22%2C%22height%22%3A%22500%22%2C%22panelEnabled%22%3Afalse%2C%22panelOpenByDefault%22%3Atrue%2C%22panelSearchVisible%22%3Atrue%2C%22panelSearchBy%22%3A%22markers%22%2C%22panelSearchPlaceholder%22%3A%22%22%2C%22panelListItemElements%22%3A%5B%22title%22%2C%22category%22%2C%22image%22%2C%22address%22%2C%22phone%22%2C%22workingHours%22%5D%2C%22mainColor%22%3A%22rgb%2866%2C%20133%2C%20244%29%22%2C%22style%22%3A%22default%22%2C%22colorGeometry%22%3A%22%22%2C%22colorLabelsTextFill%22%3A%22%22%2C%22colorLabelsTextStroke%22%3A%22%22%2C%22colorAdministrativeGeometryStroke%22%3A%22%22%2C%22colorAdministrativeLandParcel%22%3A%22%22%2C%22colorLandscapeNaturalGeometry%22%3A%22%22%2C%22colorPoiGeometry%22%3A%22%22%2C%22colorPoiLabelsTextFill%22%3A%22%22%2C%22colorPoiParkGeometryFill%22%3A%22%22%2C%22colorPoiParkLabelsTextFill%22%3A%22%22%2C%22colorRoadGeometry%22%3A%22%22%2C%22colorRoadArterial%22%3A%22%22%2C%22colorRoadHighway%22%3A%22%22%2C%22colorRoadHighwayGeometryStroke%22%3A%22%22%2C%22colorRoadHighwayControlledAccessGeometry%22%3A%22%22%2C%22colorRoadHighwayControlledAccessGeometryStroke%22%3A%22%22%2C%22colorRoadLocalLabelsTextFill%22%3A%22%22%2C%22colorTransitLineGeometry%22%3A%22%22%2C%22colorTransitLineLabelsTextFill%22%3A%22%22%2C%22colorTransitLineLabelsTextStroke%22%3A%22%22%2C%22colorTransitStationGeometry%22%3A%22%22%2C%22colorWaterGeometryFill%22%3A%22%22%2C%22colorWaterLabelTextFill%22%3A%22%22%2C%22customGoogleMapsStyles%22%3A%22%22%2C%22apiKey%22%3A%22AIzaSyA1L_F1YswpEcEYKmW0zWNAL8F91P2_n30%22%2C%22widgetId%22%3A%221%22%7D\" \n                data-elfsight-google-maps-version=\"2.4.1\"\n                data-elfsight-widget-id=\"elfsight-google-maps-1\">\n            <\/div>\n            \n<div class=\"text-center\"><a class=\"btn btn-primary\" href=\"http:\/\/maps.google.fr\/maps?f=d&amp;saddr=&amp;daddr=Syndicat%20Intercommunal%20Am%C3%A9nagement%20Hydraulique%20Vall%C3%A9es,%20Rue%20de%20l%20Eau%20et%20des%20Enfants,%2095500%20Bonneuil-en-France\">Calculer un itin\u00e9raire<\/a><\/div>\n<\/div>\n","protected":false},"excerpt":{"rendered":"<p>SIAH Croult et Petit Rosne rue de l&rsquo;Eau et des Enfants 95500 BONNEUIL-EN-FRANCE Tel : 01.30.11.15.15 Plan d&rsquo;acc\u00e8s Coordonn\u00e9es \/ informations GPS : Rue de l&rsquo;Eau et des Enfants &#8211; Garges les Gonesse ou Dugny en fonction du service de cartographie routi\u00e8re que vous utilisez. Les utilisateurs d&rsquo;un GPS sous Android (Google-Maps, Waze) ont la [&hellip;]<\/p>\n","protected":false},"author":1,"featured_media":0,"parent":0,"menu_order":9,"comment_status":"closed","ping_status":"closed","template":"","meta":{"footnotes":""},"class_list":["post-871","page","type-page","status-publish","hentry"],"_links":{"self":[{"href":"https:\/\/www.siah-croult.org\/_old\/wp-json\/wp\/v2\/pages\/871","targetHints":{"allow":["GET"]}}],"collection":[{"href":"https:\/\/www.siah-croult.org\/_old\/wp-json\/wp\/v2\/pages"}],"about":[{"href":"https:\/\/www.siah-croult.org\/_old\/wp-json\/wp\/v2\/types\/page"}],"author":[{"embeddable":true,"href":"https:\/\/www.siah-croult.org\/_old\/wp-json\/wp\/v2\/users\/1"}],"replies":[{"embeddable":true,"href":"https:\/\/www.siah-croult.org\/_old\/wp-json\/wp\/v2\/comments?post=871"}],"version-history":[{"count":34,"href":"https:\/\/www.siah-croult.org\/_old\/wp-json\/wp\/v2\/pages\/871\/revisions"}],"predecessor-version":[{"id":7548,"href":"https:\/\/www.siah-croult.org\/_old\/wp-json\/wp\/v2\/pages\/871\/revisions\/7548"}],"wp:attachment":[{"href":"https:\/\/www.siah-croult.org\/_old\/wp-json\/wp\/v2\/media?parent=871"}],"curies":[{"name":"wp","href":"https:\/\/api.w.org\/{rel}","templated":true}]}}