{"id":847,"date":"2013-01-28T18:14:53","date_gmt":"2013-01-28T17:14:53","guid":{"rendered":"https:\/\/www.siah-croult.org\/_old\/?page_id=847"},"modified":"2016-09-28T11:01:15","modified_gmt":"2016-09-28T10:01:15","slug":"biodiversite","status":"publish","type":"page","link":"https:\/\/www.siah-croult.org\/_old\/restauration-des-rivieres\/biodiversite\/","title":{"rendered":"Biodiversit\u00e9"},"content":{"rendered":"<div class=\"col-sm-12\">\n<blockquote>\n<div class=\"p\"><strong>Le concept de qualit\u00e9 des rivi\u00e8res ne se limite pas aux propri\u00e9t\u00e9s physiques et chimiques de l&rsquo;eau qui y circule. Elle prend en compte la rivi\u00e8re en tant qu&rsquo;\u00e9cosyst\u00e8me et est fortement li\u00e9e \u00e0 la notion de biodiversit\u00e9. <\/strong>Elle inclut donc l&rsquo;environnement imm\u00e9diat du cours d&rsquo;eau, l&rsquo;\u00e9tat des berges, la flore, la faune, la qualit\u00e9 de l&rsquo;eau et les caract\u00e9ristiques hydrauliques. Reconqu\u00e9rir la biodiversit\u00e9 de rivi\u00e8res fortement anthropis\u00e9es comme le sont le Croult et le Petit Rosne passe n\u00e9cessairement par une approche pluridisciplinaire des projets.<\/div>\n<\/blockquote>\n<\/div>\n<div class=\"clearfix\"><\/div>\n<hr \/>\n<div class=\"col-sm-6\">\n<h2>Un enjeu majeur \u00e0 l&rsquo;\u00e9chelle Europ\u00e9enne<\/h2>\n<div class=\"p\" style=\"text-align: justify;\">Cette reconqu\u00eate est \u00a0l&rsquo;un des enjeux majeurs formul\u00e9s par la Directive Cadre Europ\u00e9enne sur l&rsquo;eau (DCE) adopt\u00e9e en 2000. Le SIAH du Croult et du Petit Rosne d\u00e9veloppe, \u00e0 diff\u00e9rents niveaux, \u00a0un ensemble d\u2019actions visant \u00e0 atteindre \u00e0 long terme cet objectif.<\/div>\n<h3>Identifier les nuisances<\/h3>\n<div class=\"p\" style=\"text-align: justify;\">En effet, les deux principaux cours d\u2019eau de l\u2019Est du Val d\u2019Oise ont subi et subissent encore un large \u00e9ventail de nuisances qui entrave toute possibilit\u00e9 d\u2019une vie \u00e9quilibr\u00e9e en leur sein\u00a0: pollutions industrielles, pesticides, pr\u00e9sences de lit en b\u00e9ton sur certains tron\u00e7ons des cours d\u2019eau, canalisation en sous-sol de certains tron\u00e7ons de la rivi\u00e8re, esp\u00e8ces animales et v\u00e9g\u00e9tales invasives, rejets d\u2019eaux us\u00e9es dans le milieu naturel, etc.<\/div>\n<\/div>\n<div class=\"col-sm-6\"><img decoding=\"async\" class=\"img-responsive\" style=\"margin-top: 30px;\" src=\"https:\/\/www.siah-croult.org\/_old\/wp-content\/uploads\/2013\/01\/img_page_biodiversite.jpg\" \/><\/div>\n<div class=\"clearfix\"><\/div>\n<hr \/>\n<div class=\"col-sm-12\">\n<h2>Les diff\u00e9rentes actions du SIAH<\/h2>\n<div class=\"p\" style=\"text-align: justify;\">Le SIAH a mis en place depuis plusieurs ann\u00e9es des actions qui se d\u00e9clinent de la fa\u00e7on suivante\u00a0:<\/div>\n<div class=\"p\">\n<ul>\n<li style=\"text-align: justify;\">Cr\u00e9ation d\u2019un service d\u00e9di\u00e9 au suivi des industriels les plus \u00e0 risques en terme de pollution du milieu naturel <a title=\"Rejets industriels\" href=\"https:\/\/www.siah-croult.org\/_old\/prevention-des-pollutions\/rejets-industriels\/\">(voir la page sur les rejets industriels)<\/a>\u00a0;<\/li>\n<li style=\"text-align: justify;\">Actions aupr\u00e8s des services d\u2019entretien des esp\u00e8ces verts des communes pr\u00e9sentent sur les bassins versants du Croult et du Petit Rosne pour une r\u00e9duction totale des produits dit \u00ab\u00a0phytosanitaires\u00a0\u00bb\u00a0;<\/li>\n<li style=\"text-align: justify;\">Mise en conformit\u00e9 des mauvais branchements responsables des rejets d\u2019eaux us\u00e9es dans le milieu naturel\u00a0: tout au long de l\u2019ann\u00e9e une \u00e9quipe d\u00e9di\u00e9e v\u00e9rifie la conformit\u00e9 des branchements \u00a0de particuliers aux r\u00e9seaux d\u2019eaux us\u00e9es\u00a0;<\/li>\n<li style=\"text-align: justify;\">Intervention d\u2019urgence en cas de pollution constat\u00e9e\u00a0: une \u00e9quipe d\u2019astreinte est op\u00e9rationnelle 24h\/24h et intervient lors des pollutions des rivi\u00e8res. Elle a la capacit\u00e9 de mobiliser des moyens humains et techniques pour bloquer et \u00e9liminer ces pollutions\u00a0;<\/li>\n<li style=\"text-align: justify;\">Prise en compte de la biodiversit\u00e9 lors des phases de conception des projets\u00a0: pour chaque projet d\u2019am\u00e9nagement ou d\u2019entretien qui se con\u00e7oit, les services du SIAH analysent quels seront les impacts en terme de biodiversit\u00e9\u00a0;<\/li>\n<li style=\"text-align: justify;\">Lutte contre les esp\u00e8ces invasives\u00a0: c\u2019est principalement la renou\u00e9e du Japon qui dans notre secteur menace la biodiversit\u00e9. Un service du SIAH suit de pr\u00e8s ce probl\u00e8me et exp\u00e9rimente des techniques pour \u00e9radiquer cette plante nocive\u00a0;<\/li>\n<li style=\"text-align: justify;\">Restauration des rivi\u00e8res\u00a0: les tron\u00e7ons artificiels de nos cours d\u2019eau sont peu \u00e0 peu renatur\u00e9s comme par exemple \u00e0 Sarcelles avec la r\u00e9ouverture du Petit Rosne, autrefois canalis\u00e9 en sous-sol\u00a0;<\/li>\n<li style=\"text-align: justify;\">Utilisation quasi-syst\u00e9matique des techniques de g\u00e9nie v\u00e9g\u00e9tal permettant de redonner au cours d\u2019eau sa capacit\u00e9 \u00e0 recevoir et maintenir \u00a0un \u00e9cosyst\u00e8me \u00e9quilibr\u00e9 <a title=\"G\u00e9nie v\u00e9g\u00e9tal\" href=\"https:\/\/www.siah-croult.org\/_old\/restauration-des-rivieres\/genie-vegetal\/\">(voir notre page sur le g\u00e9nie v\u00e9g\u00e9tal)<\/a><\/li>\n<li style=\"text-align: justify;\">Sensibilisation et communication aupr\u00e8s des habitants et aupr\u00e8s des scolaires pour une meilleure compr\u00e9hension des liens entre notre vie quotidienne et ses cons\u00e9quences sur l\u2019\u00e9tat des cours d\u2019eau et du milieu naturel.<\/li>\n<\/ul>\n<\/div>\n<\/div>\n    <div class=\"clearfix\"><\/div>\n    <hr class=\"special\">\n    <div class=\"col-sm-12 col-parent-list-container\">\n        <h2 class=\"text-center\">Vous pouvez \u00e9galement consulter les pages suivantes<\/h2>\n        <div class=\"clearfix\"><\/div>\n        <div class=\"row\">\n                           <div class=\"col-xs-6 col-sm-3 col-parent-list\">\n                    <div class=\"element\">\n                        <a href=\"https:\/\/www.siah-croult.org\/_old\/restauration-des-rivieres\/\">\n                            <div class=\"thumbnail\" style=\"background-image: url('https:\/\/www.siah-croult.org\/_old\/wp-content\/uploads\/2013\/06\/img_page_restaurationriviere.png')\"><\/div>\n                        <\/a>\n                        <div class=\"title\"><a href=\"https:\/\/www.siah-croult.org\/_old\/restauration-des-rivieres\/\">Restauration des rivi\u00e8res<\/a><\/div>\n                    <\/div>\n                <\/div>\n                             <div class=\"col-xs-6 col-sm-3 col-parent-list\">\n                    <div class=\"element\">\n                        <a href=\"https:\/\/www.siah-croult.org\/_old\/le-siah-croult-et-petit-rosne\/\">\n                            <div class=\"thumbnail\" style=\"background-image: url('https:\/\/www.siah-croult.org\/_old\/wp-content\/uploads\/2013\/01\/img_page_fonctionnement_thumb.png')\"><\/div>\n                        <\/a>\n                        <div class=\"title\"><a href=\"https:\/\/www.siah-croult.org\/_old\/le-siah-croult-et-petit-rosne\/\">Le SIAH Croult et Petit Rosne<\/a><\/div>\n                    <\/div>\n                <\/div>\n                             <div class=\"col-xs-6 col-sm-3 col-parent-list\">\n                    <div class=\"element\">\n                        <a href=\"https:\/\/www.siah-croult.org\/_old\/prevention-des-pollutions\/\">\n                            <div class=\"thumbnail\" style=\"background-image: url('https:\/\/www.siah-croult.org\/_old\/wp-content\/uploads\/2013\/06\/img_page_preventionpollutions.jpg')\"><\/div>\n                        <\/a>\n                        <div class=\"title\"><a href=\"https:\/\/www.siah-croult.org\/_old\/prevention-des-pollutions\/\">Pr\u00e9vention des pollutions<\/a><\/div>\n                    <\/div>\n                <\/div>\n                             <div class=\"col-xs-6 col-sm-3 col-parent-list\">\n                    <div class=\"element\">\n                        <a href=\"https:\/\/www.siah-croult.org\/_old\/prevention-des-inondations\/\">\n                            <div class=\"thumbnail\" style=\"background-image: url('https:\/\/www.siah-croult.org\/_old\/wp-content\/uploads\/2013\/04\/img_page_preventioninondations.jpg')\"><\/div>\n                        <\/a>\n                        <div class=\"title\"><a href=\"https:\/\/www.siah-croult.org\/_old\/prevention-des-inondations\/\">Pr\u00e9vention des inondations<\/a><\/div>\n                    <\/div>\n                <\/div>\n                     <\/div>\n    <\/div>\n    \n","protected":false},"excerpt":{"rendered":"<p>Le concept de qualit\u00e9 des rivi\u00e8res ne se limite pas aux propri\u00e9t\u00e9s physiques et chimiques de l&rsquo;eau qui y circule. Elle prend en compte la rivi\u00e8re en tant qu&rsquo;\u00e9cosyst\u00e8me et est fortement li\u00e9e \u00e0 la notion de biodiversit\u00e9. Elle inclut donc l&rsquo;environnement imm\u00e9diat du cours d&rsquo;eau, l&rsquo;\u00e9tat des berges, la flore, la faune, la qualit\u00e9 [&hellip;]<\/p>\n","protected":false},"author":1,"featured_media":2233,"parent":841,"menu_order":3,"comment_status":"closed","ping_status":"closed","template":"","meta":{"footnotes":""},"class_list":["post-847","page","type-page","status-publish","has-post-thumbnail","hentry"],"_links":{"self":[{"href":"https:\/\/www.siah-croult.org\/_old\/wp-json\/wp\/v2\/pages\/847","targetHints":{"allow":["GET"]}}],"collection":[{"href":"https:\/\/www.siah-croult.org\/_old\/wp-json\/wp\/v2\/pages"}],"about":[{"href":"https:\/\/www.siah-croult.org\/_old\/wp-json\/wp\/v2\/types\/page"}],"author":[{"embeddable":true,"href":"https:\/\/www.siah-croult.org\/_old\/wp-json\/wp\/v2\/users\/1"}],"replies":[{"embeddable":true,"href":"https:\/\/www.siah-croult.org\/_old\/wp-json\/wp\/v2\/comments?post=847"}],"version-history":[{"count":38,"href":"https:\/\/www.siah-croult.org\/_old\/wp-json\/wp\/v2\/pages\/847\/revisions"}],"predecessor-version":[{"id":4897,"href":"https:\/\/www.siah-croult.org\/_old\/wp-json\/wp\/v2\/pages\/847\/revisions\/4897"}],"up":[{"embeddable":true,"href":"https:\/\/www.siah-croult.org\/_old\/wp-json\/wp\/v2\/pages\/841"}],"wp:featuredmedia":[{"embeddable":true,"href":"https:\/\/www.siah-croult.org\/_old\/wp-json\/wp\/v2\/media\/2233"}],"wp:attachment":[{"href":"https:\/\/www.siah-croult.org\/_old\/wp-json\/wp\/v2\/media?parent=847"}],"curies":[{"name":"wp","href":"https:\/\/api.w.org\/{rel}","templated":true}]}}