{"id":843,"date":"2013-01-28T18:14:13","date_gmt":"2013-01-28T17:14:13","guid":{"rendered":"https:\/\/www.siah-croult.org\/_old\/?page_id=843"},"modified":"2020-11-16T14:12:09","modified_gmt":"2020-11-16T13:12:09","slug":"entretien-cours-d-eau","status":"publish","type":"page","link":"https:\/\/www.siah-croult.org\/_old\/restauration-des-rivieres\/entretien-cours-d-eau\/","title":{"rendered":"Entretien des cours d&rsquo;eau"},"content":{"rendered":"<div class=\"col-sm-12\">\n<blockquote>\n<div class=\"p\">Le bon entretien des cours d&rsquo;eau est crucial, non seulement pour leur bonne qualit\u00e9 \u00e9cologique mais \u00e9galement pour r\u00e9duire les risques d&rsquo;inondations. R\u00e9alis\u00e9 de fa\u00e7on pr\u00e9ventive et curative, <strong>il monopolise tout au long de l&rsquo;ann\u00e9e des moyens humains car la presque totalit\u00e9 de ces op\u00e9rations sont r\u00e9alis\u00e9es de fa\u00e7on manuelle.<\/strong><\/div>\n<\/blockquote>\n<\/div>\n<div class=\"clearfix\"><\/div>\n<hr \/>\n<div class=\"col-sm-6\">\n<h2>Des campagnes d&rsquo;entretien r\u00e9guli\u00e8res<\/h2>\n<div class=\"p\" style=\"text-align: justify;\">Le Croult et le Petit Rosne, ainsi que les ouvrages hydrauliques associ\u00e9s tels les chambres \u00e0 sable et les d\u00e9grilleurs,\u00a0 font l\u2019objet de campagnes d\u2019entretien r\u00e9guli\u00e8res.<br \/>\nTous les ans, plusieurs centaines de m\u00e8tres de rivi\u00e8res, rus et foss\u00e9s sont entretenus. A titre d&rsquo;exemple, en 2017, 570.497 m\u00b2 d&rsquo;espaces verts ont \u00e9t\u00e9 entretenus de fa\u00e7on \u00e9cologique sans usage d&rsquo;herbicides. Ces op\u00e9rations sont effectu\u00e9es avec discernement afin de pr\u00e9server la faune et la flore. Des machines sp\u00e9cialis\u00e9es endommageraient en effet les terrains et les berges dont le bon \u00e9tat est crucial pour la qualit\u00e9 \u00e9cologique des cours d&rsquo;eau et des zones humides.<br \/>\nLes \u00e9quipes d&rsquo;intervention proc\u00e8dent au retrait des d\u00e9chets charri\u00e9s par le cours d&rsquo;eau (essentiellement des d\u00e9chets jet\u00e9s au sol par la population ou directement abandonn\u00e9s dans la rivi\u00e8re), retirent les emb\u00e2cles qui pourraient g\u00eaner l&rsquo;\u00e9coulement normal de l&rsquo;eau, d\u00e9broussaillent ronces et orties, etc.<\/div>\n<div class=\"p\" style=\"text-align: justify;\"><\/div>\n<\/div>\n<div class=\"col-sm-6\">\n<div id=\"attachment_2389\" style=\"width: 371px\" class=\"wp-caption aligncenter\"><img loading=\"lazy\" decoding=\"async\" aria-describedby=\"caption-attachment-2389\" class=\"wp-image-2389\" src=\"https:\/\/www.siah-croult.org\/_old\/wp-content\/uploads\/2013\/08\/IMG_0041-600x472.jpg\" alt=\"\" width=\"361\" height=\"284\" \/><p id=\"caption-attachment-2389\" class=\"wp-caption-text\">Bassin des Trois Fontaines \u00e0 Gonesse.<\/p><\/div>\n<div class=\"img-notice\"><\/div>\n<\/div>\n<div class=\"clearfix\"><\/div>\n<div class=\"col-sm-12\">\n<div class=\"p\" style=\"text-align: justify;\"><\/div>\n<\/div>\n    <div class=\"clearfix\"><\/div>\n    <hr class=\"special\">\n    <div class=\"col-sm-12 col-parent-list-container\">\n        <h2 class=\"text-center\">Vous pouvez \u00e9galement consulter les pages suivantes<\/h2>\n        <div class=\"clearfix\"><\/div>\n        <div class=\"row\">\n                           <div class=\"col-xs-6 col-sm-3 col-parent-list\">\n                    <div class=\"element\">\n                        <a href=\"https:\/\/www.siah-croult.org\/_old\/restauration-des-rivieres\/\">\n                            <div class=\"thumbnail\" style=\"background-image: url('https:\/\/www.siah-croult.org\/_old\/wp-content\/uploads\/2013\/06\/img_page_restaurationriviere.png')\"><\/div>\n                        <\/a>\n                        <div class=\"title\"><a href=\"https:\/\/www.siah-croult.org\/_old\/restauration-des-rivieres\/\">Restauration des rivi\u00e8res<\/a><\/div>\n                    <\/div>\n                <\/div>\n                             <div class=\"col-xs-6 col-sm-3 col-parent-list\">\n                    <div class=\"element\">\n                        <a href=\"https:\/\/www.siah-croult.org\/_old\/le-siah-croult-et-petit-rosne\/\">\n                            <div class=\"thumbnail\" style=\"background-image: url('https:\/\/www.siah-croult.org\/_old\/wp-content\/uploads\/2013\/01\/img_page_fonctionnement_thumb.png')\"><\/div>\n                        <\/a>\n                        <div class=\"title\"><a href=\"https:\/\/www.siah-croult.org\/_old\/le-siah-croult-et-petit-rosne\/\">Le SIAH Croult et Petit Rosne<\/a><\/div>\n                    <\/div>\n                <\/div>\n                             <div class=\"col-xs-6 col-sm-3 col-parent-list\">\n                    <div class=\"element\">\n                        <a href=\"https:\/\/www.siah-croult.org\/_old\/prevention-des-pollutions\/\">\n                            <div class=\"thumbnail\" style=\"background-image: url('https:\/\/www.siah-croult.org\/_old\/wp-content\/uploads\/2013\/06\/img_page_preventionpollutions.jpg')\"><\/div>\n                        <\/a>\n                        <div class=\"title\"><a href=\"https:\/\/www.siah-croult.org\/_old\/prevention-des-pollutions\/\">Pr\u00e9vention des pollutions<\/a><\/div>\n                    <\/div>\n                <\/div>\n                             <div class=\"col-xs-6 col-sm-3 col-parent-list\">\n                    <div class=\"element\">\n                        <a href=\"https:\/\/www.siah-croult.org\/_old\/prevention-des-inondations\/\">\n                            <div class=\"thumbnail\" style=\"background-image: url('https:\/\/www.siah-croult.org\/_old\/wp-content\/uploads\/2013\/04\/img_page_preventioninondations.jpg')\"><\/div>\n                        <\/a>\n                        <div class=\"title\"><a href=\"https:\/\/www.siah-croult.org\/_old\/prevention-des-inondations\/\">Pr\u00e9vention des inondations<\/a><\/div>\n                    <\/div>\n                <\/div>\n                     <\/div>\n    <\/div>\n    \n","protected":false},"excerpt":{"rendered":"<p>Le bon entretien des cours d&rsquo;eau est crucial, non seulement pour leur bonne qualit\u00e9 \u00e9cologique mais \u00e9galement pour r\u00e9duire les risques d&rsquo;inondations. R\u00e9alis\u00e9 de fa\u00e7on pr\u00e9ventive et curative, il monopolise tout au long de l&rsquo;ann\u00e9e des moyens humains car la presque totalit\u00e9 de ces op\u00e9rations sont r\u00e9alis\u00e9es de fa\u00e7on manuelle. Des campagnes d&rsquo;entretien r\u00e9guli\u00e8res Le [&hellip;]<\/p>\n","protected":false},"author":1,"featured_media":0,"parent":841,"menu_order":2,"comment_status":"closed","ping_status":"closed","template":"","meta":{"footnotes":""},"class_list":["post-843","page","type-page","status-publish","hentry"],"_links":{"self":[{"href":"https:\/\/www.siah-croult.org\/_old\/wp-json\/wp\/v2\/pages\/843","targetHints":{"allow":["GET"]}}],"collection":[{"href":"https:\/\/www.siah-croult.org\/_old\/wp-json\/wp\/v2\/pages"}],"about":[{"href":"https:\/\/www.siah-croult.org\/_old\/wp-json\/wp\/v2\/types\/page"}],"author":[{"embeddable":true,"href":"https:\/\/www.siah-croult.org\/_old\/wp-json\/wp\/v2\/users\/1"}],"replies":[{"embeddable":true,"href":"https:\/\/www.siah-croult.org\/_old\/wp-json\/wp\/v2\/comments?post=843"}],"version-history":[{"count":41,"href":"https:\/\/www.siah-croult.org\/_old\/wp-json\/wp\/v2\/pages\/843\/revisions"}],"predecessor-version":[{"id":7205,"href":"https:\/\/www.siah-croult.org\/_old\/wp-json\/wp\/v2\/pages\/843\/revisions\/7205"}],"up":[{"embeddable":true,"href":"https:\/\/www.siah-croult.org\/_old\/wp-json\/wp\/v2\/pages\/841"}],"wp:attachment":[{"href":"https:\/\/www.siah-croult.org\/_old\/wp-json\/wp\/v2\/media?parent=843"}],"curies":[{"name":"wp","href":"https:\/\/api.w.org\/{rel}","templated":true}]}}