{"id":841,"date":"2013-01-28T18:13:27","date_gmt":"2013-01-28T17:13:27","guid":{"rendered":"https:\/\/www.siah-croult.org\/_old\/?page_id=841"},"modified":"2016-09-28T11:00:26","modified_gmt":"2016-09-28T10:00:26","slug":"restauration-des-rivieres","status":"publish","type":"page","link":"https:\/\/www.siah-croult.org\/_old\/restauration-des-rivieres\/","title":{"rendered":"Restauration des rivi\u00e8res"},"content":{"rendered":"<div class=\"col-sm-12\">\n<blockquote>\n<div class=\"p\">A l\u2019heure o\u00f9 de multiples projets d\u2019infrastructures de tous ordres viennent restructurer les villes et les paysages de notre territoire, il est important de rappeler que des rivi\u00e8res tentent de survivre, tant bien que mal, aux multiples agressions dont elles font l\u2019objet.<\/div>\n<\/blockquote>\n<\/div>\n<div class=\"clearfix\"><\/div>\n<hr \/>\n<div class=\"col-sm-6\">\n<p><img decoding=\"async\" class=\"img-responsive\" style=\"margin-top: 30px;\" src=\"https:\/\/www.siah-croult.org\/_old\/wp-content\/uploads\/2013\/06\/img_page_restaurationriviere.png\" \/><\/p>\n<div class=\"img-notice\">Sarcelles \u2013 Le Petit Rosne<\/div>\n<\/div>\n<div class=\"col-sm-6\">\n<h2>Retrouver un aspect et une qualit\u00e9 dignes d&rsquo;une rivi\u00e8re &#8230;<\/h2>\n<div class=\"p\" style=\"text-align: justify;\">Le d\u00e9veloppement durable, mis en avant par de nombreux projets, ne doit pas faire oublier que des d\u00e9marches volontaristes sont indispensables en termes de pr\u00e9vention des pollutions aux milieux aquatiques.<\/div>\n<div class=\"p\" style=\"text-align: justify;\">Le SIAH se situe \u00e0 la crois\u00e9e de tous ces enjeux, anim\u00e9 par la farouche volont\u00e9 de conserver au Croult et au Petit Rosne, la perspective de retrouver un aspect et une qualit\u00e9 dignes de vraies rivi\u00e8res.<\/div>\n<\/div>\n    <div class=\"clearfix\"><\/div>\n    <hr class=\"special\">\n    <div class=\"col-sm-12 col-parent-list-container\">\n        <h2 class=\"text-center\">Vous pouvez \u00e9galement consulter les pages suivantes<\/h2>\n        <div class=\"clearfix\"><\/div>\n        <div class=\"row\">\n                           <div class=\"col-xs-6 col-sm-3 col-parent-list\">\n                    <div class=\"element\">\n                        <a href=\"https:\/\/www.siah-croult.org\/_old\/restauration-des-rivieres\/\">\n                            <div class=\"thumbnail\" style=\"background-image: url('https:\/\/www.siah-croult.org\/_old\/wp-content\/uploads\/2013\/06\/img_page_restaurationriviere.png')\"><\/div>\n                        <\/a>\n                        <div class=\"title\"><a href=\"https:\/\/www.siah-croult.org\/_old\/restauration-des-rivieres\/\">Restauration des rivi\u00e8res<\/a><\/div>\n                    <\/div>\n                <\/div>\n                             <div class=\"col-xs-6 col-sm-3 col-parent-list\">\n                    <div class=\"element\">\n                        <a href=\"https:\/\/www.siah-croult.org\/_old\/le-siah-croult-et-petit-rosne\/\">\n                            <div class=\"thumbnail\" style=\"background-image: url('https:\/\/www.siah-croult.org\/_old\/wp-content\/uploads\/2013\/01\/img_page_fonctionnement_thumb.png')\"><\/div>\n                        <\/a>\n                        <div class=\"title\"><a href=\"https:\/\/www.siah-croult.org\/_old\/le-siah-croult-et-petit-rosne\/\">Le SIAH Croult et Petit Rosne<\/a><\/div>\n                    <\/div>\n                <\/div>\n                             <div class=\"col-xs-6 col-sm-3 col-parent-list\">\n                    <div class=\"element\">\n                        <a href=\"https:\/\/www.siah-croult.org\/_old\/prevention-des-pollutions\/\">\n                            <div class=\"thumbnail\" style=\"background-image: url('https:\/\/www.siah-croult.org\/_old\/wp-content\/uploads\/2013\/06\/img_page_preventionpollutions.jpg')\"><\/div>\n                        <\/a>\n                        <div class=\"title\"><a href=\"https:\/\/www.siah-croult.org\/_old\/prevention-des-pollutions\/\">Pr\u00e9vention des pollutions<\/a><\/div>\n                    <\/div>\n                <\/div>\n                             <div class=\"col-xs-6 col-sm-3 col-parent-list\">\n                    <div class=\"element\">\n                        <a href=\"https:\/\/www.siah-croult.org\/_old\/prevention-des-inondations\/\">\n                            <div class=\"thumbnail\" style=\"background-image: url('https:\/\/www.siah-croult.org\/_old\/wp-content\/uploads\/2013\/04\/img_page_preventioninondations.jpg')\"><\/div>\n                        <\/a>\n                        <div class=\"title\"><a href=\"https:\/\/www.siah-croult.org\/_old\/prevention-des-inondations\/\">Pr\u00e9vention des inondations<\/a><\/div>\n                    <\/div>\n                <\/div>\n                     <\/div>\n    <\/div>\n    \n","protected":false},"excerpt":{"rendered":"<p>A l\u2019heure o\u00f9 de multiples projets d\u2019infrastructures de tous ordres viennent restructurer les villes et les paysages de notre territoire, il est important de rappeler que des rivi\u00e8res tentent de survivre, tant bien que mal, aux multiples agressions dont elles font l\u2019objet.<\/p>\n","protected":false},"author":1,"featured_media":2199,"parent":0,"menu_order":2,"comment_status":"closed","ping_status":"closed","template":"","meta":{"footnotes":""},"class_list":["post-841","page","type-page","status-publish","has-post-thumbnail","hentry"],"_links":{"self":[{"href":"https:\/\/www.siah-croult.org\/_old\/wp-json\/wp\/v2\/pages\/841","targetHints":{"allow":["GET"]}}],"collection":[{"href":"https:\/\/www.siah-croult.org\/_old\/wp-json\/wp\/v2\/pages"}],"about":[{"href":"https:\/\/www.siah-croult.org\/_old\/wp-json\/wp\/v2\/types\/page"}],"author":[{"embeddable":true,"href":"https:\/\/www.siah-croult.org\/_old\/wp-json\/wp\/v2\/users\/1"}],"replies":[{"embeddable":true,"href":"https:\/\/www.siah-croult.org\/_old\/wp-json\/wp\/v2\/comments?post=841"}],"version-history":[{"count":49,"href":"https:\/\/www.siah-croult.org\/_old\/wp-json\/wp\/v2\/pages\/841\/revisions"}],"predecessor-version":[{"id":4894,"href":"https:\/\/www.siah-croult.org\/_old\/wp-json\/wp\/v2\/pages\/841\/revisions\/4894"}],"wp:featuredmedia":[{"embeddable":true,"href":"https:\/\/www.siah-croult.org\/_old\/wp-json\/wp\/v2\/media\/2199"}],"wp:attachment":[{"href":"https:\/\/www.siah-croult.org\/_old\/wp-json\/wp\/v2\/media?parent=841"}],"curies":[{"name":"wp","href":"https:\/\/api.w.org\/{rel}","templated":true}]}}