{"id":836,"date":"2013-01-28T18:11:06","date_gmt":"2013-01-28T17:11:06","guid":{"rendered":"https:\/\/www.siah-croult.org\/_old\/?page_id=836"},"modified":"2021-10-25T11:11:02","modified_gmt":"2021-10-25T10:11:02","slug":"territoire","status":"publish","type":"page","link":"https:\/\/www.siah-croult.org\/_old\/le-siah-croult-et-petit-rosne\/territoire\/","title":{"rendered":"Territoire"},"content":{"rendered":"<div class=\"col-communes\">\n<div class=\"col-xs-12\">\n<div class=\"text-justify\"><b>Pour toute demande en lien avec les cours d&rsquo;eau, le SIAH intervient sur toutes les communes pr\u00e9sentes sur la carte ci-dessous. En ce qui concernent les demandes li\u00e9es aux r\u00e9seaux d&rsquo;eaux us\u00e9es et d&rsquo;eaux pluviales, en fonction de la commune, le service public \u00e0 contacter peut varier. La carte ci-dessous indique la structure comp\u00e9tente par commune.<\/b><\/div>\n<h3 class=\"text-justify\">Demande li\u00e9es aux r\u00e9seaux d&rsquo;eaux us\u00e9es et pluviales<\/h3>\n<\/div>\n<div class=\"col-md-4 col-content-sm\">\n<div class=\"row item\" style=\"display: flex; align-items: start;\">\n<div class=\"col-xs-3\">\n<div class=\"badge-siah\"><img decoding=\"async\" class=\"img-responsive\" src=\"https:\/\/www.siah-croult.org\/_old\/wp-content\/uploads\/2020\/04\/img-col-communes-badge-siah.jpg\"><\/div>\n<\/div>\n<div class=\"col-xs-9\">\n<div class=\"logo\"><img decoding=\"async\" class=\"img-responsive\" src=\"https:\/\/www.siah-croult.org\/_old\/wp-content\/uploads\/2020\/04\/img-col-communes-logo-siah.jpg\"><\/div>\n<div class=\"info\">Contacter le SIAH : <b>01.30.11.15.15<\/b><br \/>\nNum\u00e9ro d\u2019astreinte : <b>01.39.86.06.07<\/b><\/div>\n<\/div>\n<\/div>\n<\/div>\n<div class=\"col-md-4 col-content-sm\">\n<div class=\"row item\" style=\"display: flex; align-items: start;\">\n<div class=\"col-xs-3\">\n<div class=\"badge-vallee\"><img decoding=\"async\" class=\"img-responsive\" src=\"https:\/\/www.siah-croult.org\/_old\/wp-content\/uploads\/2020\/04\/img-col-communes-badge-vallee.jpg\"><\/div>\n<\/div>\n<div class=\"col-xs-9\">\n<div class=\"logo\"><img decoding=\"async\" class=\"img-responsive\" src=\"https:\/\/www.siah-croult.org\/_old\/wp-content\/uploads\/2020\/04\/img-col-communes-logo-vallee.jpg\"><\/div>\n<div class=\"info\">Contacter Plaine Vall\u00e9e : <b>01.30.10.91.61<\/b><\/div>\n<\/div>\n<\/div>\n<\/div>\n<div class=\"col-md-4 col-content-sm\">\n<div class=\"row item\" style=\"display: flex; align-items: start;\">\n<div class=\"col-xs-3\">\n<div class=\"badge-siare\"><img decoding=\"async\" class=\"img-responsive\" src=\"https:\/\/www.siah-croult.org\/_old\/wp-content\/uploads\/2020\/04\/img-col-communes-badge-siare.jpg\"><\/div>\n<\/div>\n<div class=\"col-xs-9\">\n<div class=\"logo\"><img decoding=\"async\" class=\"img-responsive\" src=\"https:\/\/www.siah-croult.org\/_old\/wp-content\/uploads\/2021\/10\/img-col-communes-logo-siare-v2.jpg\"><\/div>\n<div class=\"info\">Contacter le SIARE : <b>01.30.10.60.70<\/b><\/div>\n<\/div>\n<\/div>\n<\/div>\n<div class=\"clearfix\"><\/div>\n<div class=\"col-sm-12\">\n<img decoding=\"async\" class=\"img-responsive\" src=\"https:\/\/www.siah-croult.org\/_old\/wp-content\/uploads\/2020\/04\/img-communes-2020-site.jpg\">\n<\/div>\n<\/div>\n<div class=\"clearfix\"><\/div>\n    <div class=\"clearfix\"><\/div>\n    <hr class=\"special\">\n    <div class=\"col-sm-12 col-parent-list-container\">\n        <h2 class=\"text-center\">Vous pouvez \u00e9galement consulter les pages suivantes<\/h2>\n        <div class=\"clearfix\"><\/div>\n        <div class=\"row\">\n                           <div class=\"col-xs-6 col-sm-3 col-parent-list\">\n                    <div class=\"element\">\n                        <a href=\"https:\/\/www.siah-croult.org\/_old\/restauration-des-rivieres\/\">\n                            <div class=\"thumbnail\" style=\"background-image: url('https:\/\/www.siah-croult.org\/_old\/wp-content\/uploads\/2013\/06\/img_page_restaurationriviere.png')\"><\/div>\n                        <\/a>\n                        <div class=\"title\"><a href=\"https:\/\/www.siah-croult.org\/_old\/restauration-des-rivieres\/\">Restauration des rivi\u00e8res<\/a><\/div>\n                    <\/div>\n                <\/div>\n                             <div class=\"col-xs-6 col-sm-3 col-parent-list\">\n                    <div class=\"element\">\n                        <a href=\"https:\/\/www.siah-croult.org\/_old\/le-siah-croult-et-petit-rosne\/\">\n                            <div class=\"thumbnail\" style=\"background-image: url('https:\/\/www.siah-croult.org\/_old\/wp-content\/uploads\/2013\/01\/img_page_fonctionnement_thumb.png')\"><\/div>\n                        <\/a>\n                        <div class=\"title\"><a href=\"https:\/\/www.siah-croult.org\/_old\/le-siah-croult-et-petit-rosne\/\">Le SIAH Croult et Petit Rosne<\/a><\/div>\n                    <\/div>\n                <\/div>\n                             <div class=\"col-xs-6 col-sm-3 col-parent-list\">\n                    <div class=\"element\">\n                        <a href=\"https:\/\/www.siah-croult.org\/_old\/prevention-des-pollutions\/\">\n                            <div class=\"thumbnail\" style=\"background-image: url('https:\/\/www.siah-croult.org\/_old\/wp-content\/uploads\/2013\/06\/img_page_preventionpollutions.jpg')\"><\/div>\n                        <\/a>\n                        <div class=\"title\"><a href=\"https:\/\/www.siah-croult.org\/_old\/prevention-des-pollutions\/\">Pr\u00e9vention des pollutions<\/a><\/div>\n                    <\/div>\n                <\/div>\n                             <div class=\"col-xs-6 col-sm-3 col-parent-list\">\n                    <div class=\"element\">\n                        <a href=\"https:\/\/www.siah-croult.org\/_old\/prevention-des-inondations\/\">\n                            <div class=\"thumbnail\" style=\"background-image: url('https:\/\/www.siah-croult.org\/_old\/wp-content\/uploads\/2013\/04\/img_page_preventioninondations.jpg')\"><\/div>\n                        <\/a>\n                        <div class=\"title\"><a href=\"https:\/\/www.siah-croult.org\/_old\/prevention-des-inondations\/\">Pr\u00e9vention des inondations<\/a><\/div>\n                    <\/div>\n                <\/div>\n                     <\/div>\n    <\/div>\n    \n","protected":false},"excerpt":{"rendered":"<p>Les communes qui adh\u00e8rent \u00e0 notre syndicat et toutes les statistiques les concernant.<\/p>\n","protected":false},"author":1,"featured_media":2175,"parent":832,"menu_order":0,"comment_status":"closed","ping_status":"closed","template":"","meta":{"footnotes":""},"class_list":["post-836","page","type-page","status-publish","has-post-thumbnail","hentry"],"_links":{"self":[{"href":"https:\/\/www.siah-croult.org\/_old\/wp-json\/wp\/v2\/pages\/836","targetHints":{"allow":["GET"]}}],"collection":[{"href":"https:\/\/www.siah-croult.org\/_old\/wp-json\/wp\/v2\/pages"}],"about":[{"href":"https:\/\/www.siah-croult.org\/_old\/wp-json\/wp\/v2\/types\/page"}],"author":[{"embeddable":true,"href":"https:\/\/www.siah-croult.org\/_old\/wp-json\/wp\/v2\/users\/1"}],"replies":[{"embeddable":true,"href":"https:\/\/www.siah-croult.org\/_old\/wp-json\/wp\/v2\/comments?post=836"}],"version-history":[{"count":68,"href":"https:\/\/www.siah-croult.org\/_old\/wp-json\/wp\/v2\/pages\/836\/revisions"}],"predecessor-version":[{"id":7532,"href":"https:\/\/www.siah-croult.org\/_old\/wp-json\/wp\/v2\/pages\/836\/revisions\/7532"}],"up":[{"embeddable":true,"href":"https:\/\/www.siah-croult.org\/_old\/wp-json\/wp\/v2\/pages\/832"}],"wp:featuredmedia":[{"embeddable":true,"href":"https:\/\/www.siah-croult.org\/_old\/wp-json\/wp\/v2\/media\/2175"}],"wp:attachment":[{"href":"https:\/\/www.siah-croult.org\/_old\/wp-json\/wp\/v2\/media?parent=836"}],"curies":[{"name":"wp","href":"https:\/\/api.w.org\/{rel}","templated":true}]}}