{"id":832,"date":"2013-01-28T18:10:29","date_gmt":"2013-01-28T17:10:29","guid":{"rendered":"https:\/\/www.siah-croult.org\/_old\/?page_id=832"},"modified":"2020-09-04T12:28:01","modified_gmt":"2020-09-04T11:28:01","slug":"le-siah-croult-et-petit-rosne","status":"publish","type":"page","link":"https:\/\/www.siah-croult.org\/_old\/le-siah-croult-et-petit-rosne\/","title":{"rendered":"Le SIAH Croult et Petit Rosne"},"content":{"rendered":"<div class=\"col-sm-6\">\n<blockquote>\n<div class=\"p\">Le Syndicat Mixte pour l\u2019Am\u00e9nagement Hydraulique des vall\u00e9es du Croult et du Petit Rosne est un service public cr\u00e9\u00e9 en 1945. Son territoire d&rsquo;action s&rsquo;\u00e9tend sur les deux bassins versants de la pointe Est du d\u00e9partement du Val d\u2019Oise (bassin versant du Croult et bassin versant du Petit Rosne). Les statuts du SIAH du Croult et du Petit Rosne d\u00e9finissent deux missions principales : la lutte contre la pollution et la lutte contre les inondations.<\/div>\n<\/blockquote>\n<\/div>\n<div class=\"col-sm-6\">\n<p><img decoding=\"async\" class=\"img-responsive\" src=\"https:\/\/www.siah-croult.org\/_old\/wp-content\/uploads\/2013\/05\/photo-step-2011-004-1192x800.jpg\" \/><\/p>\n<div class=\"p text-center img-notice\">B\u00e2timent administratif du SIAH du Croult et du Petit Rosne<\/div>\n<\/div>\n<div class=\"clearfix\"><\/div>\n<hr \/>\n<div class=\"col-sm-12\">\n<h2>Le territoire du SIAH<\/h2>\n<div class=\"p\" style=\"text-align: justify;\">Le territoire du SIAH est d\u00e9fini par les deux bassins versants des cours d\u2019eau du Croult et du Petit Rosne. Ce secteur est situ\u00e9 au Sud-est du Val d\u2019Oise sur une superficie de 20.000 hectares. Ces deux cours d\u2019eau repr\u00e9sentent un lin\u00e9aire d\u2019environ 54 km. Le petit Rosne est le plus important affluent du Croult, il prend sa source \u00e0 Bouff\u00e9mont et rejoint le Croult au niveau de la commune d\u2019Arnouville. Le Petit Rosne poss\u00e8de 9 affluents et le Croult poss\u00e8de 3 affluents.<\/div>\n<h2>Pollutions et inondations<\/h2>\n<div class=\"p\" style=\"text-align: justify;\">D\u00e8s l&rsquo;apr\u00e8s-guerre, des volont\u00e9s politiques se sont affirm\u00e9es pour r\u00e9pondre \u00e0 d&rsquo;importants probl\u00e8mes environnementaux : les inondations.<br \/>\nQuelques ann\u00e9es plus tard, les probl\u00e8mes de pollution engendr\u00e9s par l&rsquo;absence de coh\u00e9rence dans la gestion des eaux us\u00e9es devinrent pour le SIAH du Croult et du Petit Rosne une pr\u00e9occupation majeure. C&rsquo;est de cette volont\u00e9 qu&rsquo;est n\u00e9 le Syndicat Mixte pour l&rsquo;Am\u00e9nagement Hydraulique des vall\u00e9es de Croult et du Petit Rosne, du nom des deux cours d&rsquo;eau qui traversent notre r\u00e9gion.<\/div>\n<h3>Les objectifs principaux du SIAH ont donc \u00e9t\u00e9 ainsi fix\u00e9s :<\/h3>\n<div class=\"p\" style=\"text-align: justify;\">Lutte contre la pollution et lutte contre les inondations.<b>\u00a0<\/b>Ce sont ces deux objectifs qui ont servi de base \u00e0 la politique environnementale de ce syndicat et qui ont d\u00e9fini jusqu&rsquo;\u00e0 ce jour l&rsquo;ensemble de ses activit\u00e9s.<\/div>\n<h2>La construction d&rsquo;ouvrages hydrauliques<\/h2>\n<div class=\"p\" style=\"text-align: justify;\">Cette politique environnementale s&rsquo;est exprim\u00e9e concr\u00e8tement par la r\u00e9alisation d&rsquo;ouvrages hydrauliques comme par exemple la construction de la station de d\u00e9pollution des eaux us\u00e9es de Bonneuil-en-France ou l&rsquo;am\u00e9nagement d\u2019une trentaine de bassins de retenue et la t\u00e9l\u00e9gestion des bassins les plus strat\u00e9giques. Bien d&rsquo;autres actions encore sont r\u00e9alis\u00e9es aujourd\u2019hui dans ce sens, travaux que vous pouvez d\u00e9couvrir, ici m\u00eame, en explorant nos diff\u00e9rentes rubriques.<\/div>\n<h3>Informer et former la population<\/h3>\n<div class=\"p\" style=\"text-align: justify;\">D&rsquo;autres missions, moins visibles mais tout aussi concr\u00e8tes, sont r\u00e9guli\u00e8rement mises en place et concernent la sensibilisation \u00e0 la protection de l&rsquo;eau et plus largement de l&rsquo;environnement. Le syndicat a en effet d\u00e9cid\u00e9 d&rsquo;informer les\u00a0populations des communes adh\u00e9rentes en mettant l&rsquo;accent sur la vigilance de tous pour la pr\u00e9servation de nos ressources en eau. Une grande partie de ces actions a \u00e9t\u00e9 tout particuli\u00e8rement dirig\u00e9e vers les enfants. Les Journ\u00e9es de l&rsquo;Eau, v\u00e9ritable salon \u00a0professionnel adapt\u00e9 aux enfants, le journal Id\u00e9e Eau tr\u00e8s largement diffus\u00e9 dans les communes, ainsi que les visites guid\u00e9es de la station de d\u00e9pollution sont des exemples de cette volont\u00e9.<\/div>\n<\/div>\n    <div class=\"clearfix\"><\/div>\n    <hr class=\"special\">\n    <div class=\"col-sm-12 col-parent-list-container\">\n        <h2 class=\"text-center\">Vous pouvez \u00e9galement consulter les pages suivantes<\/h2>\n        <div class=\"clearfix\"><\/div>\n        <div class=\"row\">\n                           <div class=\"col-xs-6 col-sm-3 col-parent-list\">\n                    <div class=\"element\">\n                        <a href=\"https:\/\/www.siah-croult.org\/_old\/restauration-des-rivieres\/\">\n                            <div class=\"thumbnail\" style=\"background-image: url('https:\/\/www.siah-croult.org\/_old\/wp-content\/uploads\/2013\/06\/img_page_restaurationriviere.png')\"><\/div>\n                        <\/a>\n                        <div class=\"title\"><a href=\"https:\/\/www.siah-croult.org\/_old\/restauration-des-rivieres\/\">Restauration des rivi\u00e8res<\/a><\/div>\n                    <\/div>\n                <\/div>\n                             <div class=\"col-xs-6 col-sm-3 col-parent-list\">\n                    <div class=\"element\">\n                        <a href=\"https:\/\/www.siah-croult.org\/_old\/le-siah-croult-et-petit-rosne\/\">\n                            <div class=\"thumbnail\" style=\"background-image: url('https:\/\/www.siah-croult.org\/_old\/wp-content\/uploads\/2013\/01\/img_page_fonctionnement_thumb.png')\"><\/div>\n                        <\/a>\n                        <div class=\"title\"><a href=\"https:\/\/www.siah-croult.org\/_old\/le-siah-croult-et-petit-rosne\/\">Le SIAH Croult et Petit Rosne<\/a><\/div>\n                    <\/div>\n                <\/div>\n                             <div class=\"col-xs-6 col-sm-3 col-parent-list\">\n                    <div class=\"element\">\n                        <a href=\"https:\/\/www.siah-croult.org\/_old\/prevention-des-pollutions\/\">\n                            <div class=\"thumbnail\" style=\"background-image: url('https:\/\/www.siah-croult.org\/_old\/wp-content\/uploads\/2013\/06\/img_page_preventionpollutions.jpg')\"><\/div>\n                        <\/a>\n                        <div class=\"title\"><a href=\"https:\/\/www.siah-croult.org\/_old\/prevention-des-pollutions\/\">Pr\u00e9vention des pollutions<\/a><\/div>\n                    <\/div>\n                <\/div>\n                             <div class=\"col-xs-6 col-sm-3 col-parent-list\">\n                    <div class=\"element\">\n                        <a href=\"https:\/\/www.siah-croult.org\/_old\/prevention-des-inondations\/\">\n                            <div class=\"thumbnail\" style=\"background-image: url('https:\/\/www.siah-croult.org\/_old\/wp-content\/uploads\/2013\/04\/img_page_preventioninondations.jpg')\"><\/div>\n                        <\/a>\n                        <div class=\"title\"><a href=\"https:\/\/www.siah-croult.org\/_old\/prevention-des-inondations\/\">Pr\u00e9vention des inondations<\/a><\/div>\n                    <\/div>\n                <\/div>\n                     <\/div>\n    <\/div>\n    \n","protected":false},"excerpt":{"rendered":"<p>Le Syndicat Intercommunal pour l\u2019Am\u00e9nagement Hydraulique des vall\u00e9es du Croult et du Petit Rosne est un \u00c9tablissement Public cr\u00e9\u00e9 en 1945.<\/p>\n","protected":false},"author":1,"featured_media":2179,"parent":0,"menu_order":2,"comment_status":"closed","ping_status":"closed","template":"","meta":{"footnotes":""},"class_list":["post-832","page","type-page","status-publish","has-post-thumbnail","hentry"],"_links":{"self":[{"href":"https:\/\/www.siah-croult.org\/_old\/wp-json\/wp\/v2\/pages\/832","targetHints":{"allow":["GET"]}}],"collection":[{"href":"https:\/\/www.siah-croult.org\/_old\/wp-json\/wp\/v2\/pages"}],"about":[{"href":"https:\/\/www.siah-croult.org\/_old\/wp-json\/wp\/v2\/types\/page"}],"author":[{"embeddable":true,"href":"https:\/\/www.siah-croult.org\/_old\/wp-json\/wp\/v2\/users\/1"}],"replies":[{"embeddable":true,"href":"https:\/\/www.siah-croult.org\/_old\/wp-json\/wp\/v2\/comments?post=832"}],"version-history":[{"count":96,"href":"https:\/\/www.siah-croult.org\/_old\/wp-json\/wp\/v2\/pages\/832\/revisions"}],"predecessor-version":[{"id":7063,"href":"https:\/\/www.siah-croult.org\/_old\/wp-json\/wp\/v2\/pages\/832\/revisions\/7063"}],"wp:featuredmedia":[{"embeddable":true,"href":"https:\/\/www.siah-croult.org\/_old\/wp-json\/wp\/v2\/media\/2179"}],"wp:attachment":[{"href":"https:\/\/www.siah-croult.org\/_old\/wp-json\/wp\/v2\/media?parent=832"}],"curies":[{"name":"wp","href":"https:\/\/api.w.org\/{rel}","templated":true}]}}