{"id":831,"date":"2013-01-28T18:02:39","date_gmt":"2013-01-28T17:02:39","guid":{"rendered":"https:\/\/www.siah-croult.org\/_old\/?page_id=831"},"modified":"2016-09-02T09:57:57","modified_gmt":"2016-09-02T08:57:57","slug":"home","status":"publish","type":"page","link":"https:\/\/www.siah-croult.org\/_old\/","title":{"rendered":"Home"},"content":{"rendered":"<h2><a href=\"https:\/\/www.siah-croult.org\/_old\/?p=832\">Fonctionnement du SIAH Croult et Petit Rosne<\/a><\/h2>\n<div class=\"p\">Le Syndicat Intercommunal pour l\u2019Am\u00e9nagement Hydraulique des vall\u00e9es du Croult et du Petit Rosne est un \u00c9tablissement Public cr\u00e9\u00e9 en 1945.<\/div>\n<h2><a href=\"https:\/\/www.siah-croult.org\/_old\/?p=841\">La restauration et l&rsquo;entretien des rivi\u00e8res<\/a><\/h2>\n<div class=\"p\">A l\u2019heure o\u00f9 de multiples projets d\u2019infrastructures de tous ordres viennent restructurer les villes et les paysages de notre territoire, il est important de rappeler que des rivi\u00e8res tentent de survivre, tant bien que mal, aux multiples agressions dont elles font l\u2019objet.<\/div>\n<h2><a href=\"https:\/\/www.siah-croult.org\/_old\/?p=1973\">La pr\u00e9vention de la pollution<\/a><\/h2>\n<div class=\"p\">Territoire fortement urbanis\u00e9 au sud, l&rsquo;Est du Val d&rsquo;Oise se distingue par une importante activit\u00e9 agricole, en particulier au Nord. Les activit\u00e9s industrielles ne sont pas en reste puisqu&rsquo;elles ne cessent de se d\u00e9velopper.<\/div>\n<h2><a href=\"https:\/\/www.siah-croult.org\/_old\/?p=2001\">La pr\u00e9vention des inondations<\/a><\/h2>\n<div class=\"p\">La vall\u00e9e du Petit Rosne a \u00e9t\u00e9 tr\u00e8s souvent le lieu d&rsquo;inondations plus ou moins importantes, le caract\u00e8re r\u00e9p\u00e9titif de ces catastrophes faisant la particularit\u00e9 de cette vall\u00e9e. Les \u00e9v\u00e9nements les plus marquants sont les inondations du 4 juillet 1926, des 17, 18 et 19 juillet 1972 et des 31 mai et 1er juin 1992.<\/div>\n","protected":false},"excerpt":{"rendered":"<p>Fonctionnement du SIAH Croult et Petit Rosne Le Syndicat Intercommunal pour l\u2019Am\u00e9nagement Hydraulique des vall\u00e9es du Croult et du Petit Rosne est un \u00c9tablissement Public cr\u00e9\u00e9 en 1945. La restauration et l&rsquo;entretien des rivi\u00e8res A l\u2019heure o\u00f9 de multiples projets d\u2019infrastructures de tous ordres viennent restructurer les villes et les paysages de notre territoire, il [&hellip;]<\/p>\n","protected":false},"author":1,"featured_media":0,"parent":0,"menu_order":1,"comment_status":"closed","ping_status":"closed","template":"","meta":{"footnotes":""},"class_list":["post-831","page","type-page","status-publish","hentry"],"_links":{"self":[{"href":"https:\/\/www.siah-croult.org\/_old\/wp-json\/wp\/v2\/pages\/831","targetHints":{"allow":["GET"]}}],"collection":[{"href":"https:\/\/www.siah-croult.org\/_old\/wp-json\/wp\/v2\/pages"}],"about":[{"href":"https:\/\/www.siah-croult.org\/_old\/wp-json\/wp\/v2\/types\/page"}],"author":[{"embeddable":true,"href":"https:\/\/www.siah-croult.org\/_old\/wp-json\/wp\/v2\/users\/1"}],"replies":[{"embeddable":true,"href":"https:\/\/www.siah-croult.org\/_old\/wp-json\/wp\/v2\/comments?post=831"}],"version-history":[{"count":16,"href":"https:\/\/www.siah-croult.org\/_old\/wp-json\/wp\/v2\/pages\/831\/revisions"}],"predecessor-version":[{"id":4732,"href":"https:\/\/www.siah-croult.org\/_old\/wp-json\/wp\/v2\/pages\/831\/revisions\/4732"}],"wp:attachment":[{"href":"https:\/\/www.siah-croult.org\/_old\/wp-json\/wp\/v2\/media?parent=831"}],"curies":[{"name":"wp","href":"https:\/\/api.w.org\/{rel}","templated":true}]}}