{"id":7024,"date":"2020-08-03T09:25:17","date_gmt":"2020-08-03T08:25:17","guid":{"rendered":"https:\/\/www.siah-croult.org\/_old\/?page_id=7024"},"modified":"2020-08-03T09:30:08","modified_gmt":"2020-08-03T08:30:08","slug":"reponse-au-formulaire-de-presence-du-comite-02-09","status":"publish","type":"page","link":"https:\/\/www.siah-croult.org\/_old\/reponse-au-formulaire-de-presence-du-comite-02-09\/","title":{"rendered":"R\u00e9ponse au formulaire de pr\u00e9sence du Comit\u00e9 02\/09"},"content":{"rendered":"<div class=\"col-sm-12\">\n<div class=\"wpcf7 no-js\" id=\"wpcf7-f7026-o1\" lang=\"fr-FR\" dir=\"ltr\" data-wpcf7-id=\"7026\">\n<div class=\"screen-reader-response\"><p role=\"status\" aria-live=\"polite\" aria-atomic=\"true\"><\/p> <ul><\/ul><\/div>\n<form action=\"\/_old\/wp-json\/wp\/v2\/pages\/7024#wpcf7-f7026-o1\" method=\"post\" class=\"wpcf7-form init\" aria-label=\"Formulaire de contact\" novalidate=\"novalidate\" data-status=\"init\">\n<fieldset class=\"hidden-fields-container\"><input type=\"hidden\" name=\"_wpcf7\" value=\"7026\" \/><input type=\"hidden\" name=\"_wpcf7_version\" value=\"6.1.5\" \/><input type=\"hidden\" name=\"_wpcf7_locale\" value=\"fr_FR\" \/><input type=\"hidden\" name=\"_wpcf7_unit_tag\" value=\"wpcf7-f7026-o1\" \/><input type=\"hidden\" name=\"_wpcf7_container_post\" value=\"0\" \/><input type=\"hidden\" name=\"_wpcf7_posted_data_hash\" value=\"\" \/>\n<\/fieldset>\n<div class=\"row\">\n\t<div class=\"col-sm-6\">\n\t\t<div class=\"form-group\">\n\t\t\t<p><label><span class=\"pull-right text-danger\"><i class=\"icon icon-maxicons2-fix\"><\/i><\/span>Votre nom<\/label><span class=\"wpcf7-form-control-wrap\" data-name=\"name-name\"><input size=\"40\" maxlength=\"400\" class=\"wpcf7-form-control wpcf7-text wpcf7-validates-as-required form-control\" aria-required=\"true\" aria-invalid=\"false\" placeholder=\"Nom\" value=\"\" type=\"text\" name=\"name-name\" \/><\/span>\n\t\t\t<\/p>\n\t\t<\/div>\n\t<\/div>\n\t<div class=\"col-sm-6\">\n\t\t<div class=\"form-group\">\n\t\t\t<p><label><span class=\"pull-right text-danger\"><i class=\"icon icon-maxicons2-fix\"><\/i><\/span>Votre pr\u00e9nom<\/label><span class=\"wpcf7-form-control-wrap\" data-name=\"name-surname\"><input size=\"40\" maxlength=\"400\" class=\"wpcf7-form-control wpcf7-text wpcf7-validates-as-required form-control\" aria-required=\"true\" aria-invalid=\"false\" placeholder=\"Pr\u00e9nom\" value=\"\" type=\"text\" name=\"name-surname\" \/><\/span>\n\t\t\t<\/p>\n\t\t<\/div>\n\t<\/div>\n\t<div class=\"clearfix\">\n\t<\/div>\n\t<div class=\"col-sm-12 form-group\">\n\t\t<p><span class=\"wpcf7-form-control-wrap\" data-name=\"info-confirm\"><span class=\"wpcf7-form-control wpcf7-acceptance\"><span class=\"wpcf7-list-item\"><label><input type=\"checkbox\" name=\"info-confirm\" value=\"1\" aria-invalid=\"false\" \/><span class=\"wpcf7-list-item-label\">Je serai pr\u00e9sent lors du Comit\u00e9 du 2 septembre 2020<\/span><\/label><\/span><\/span><\/span>\n\t\t<\/p>\n\t<\/div>\n\t<div class=\"col-sm-6\">\n\t\t<p><input class=\"wpcf7-form-control wpcf7-submit has-spinner btn btn-success\" type=\"submit\" value=\"Envoyer\" \/>\n\t\t<\/p>\n\t<\/div>\n\t<div class=\"col-sm-6\">\n\t\t<div class=\"text-danger text-right\">\n\t\t\t<p><i class=\"icon icon-maxicons2-fix\"><\/i> Champs obligatoires\n\t\t\t<\/p>\n\t\t<\/div>\n\t<\/div>\n<\/div><div class=\"wpcf7-response-output\" aria-hidden=\"true\"><\/div>\n<\/form>\n<\/div>\n<\/div>\n","protected":false},"excerpt":{"rendered":"","protected":false},"author":1,"featured_media":0,"parent":0,"menu_order":0,"comment_status":"closed","ping_status":"closed","template":"","meta":{"footnotes":""},"class_list":["post-7024","page","type-page","status-publish","hentry"],"_links":{"self":[{"href":"https:\/\/www.siah-croult.org\/_old\/wp-json\/wp\/v2\/pages\/7024","targetHints":{"allow":["GET"]}}],"collection":[{"href":"https:\/\/www.siah-croult.org\/_old\/wp-json\/wp\/v2\/pages"}],"about":[{"href":"https:\/\/www.siah-croult.org\/_old\/wp-json\/wp\/v2\/types\/page"}],"author":[{"embeddable":true,"href":"https:\/\/www.siah-croult.org\/_old\/wp-json\/wp\/v2\/users\/1"}],"replies":[{"embeddable":true,"href":"https:\/\/www.siah-croult.org\/_old\/wp-json\/wp\/v2\/comments?post=7024"}],"version-history":[{"count":4,"href":"https:\/\/www.siah-croult.org\/_old\/wp-json\/wp\/v2\/pages\/7024\/revisions"}],"predecessor-version":[{"id":7029,"href":"https:\/\/www.siah-croult.org\/_old\/wp-json\/wp\/v2\/pages\/7024\/revisions\/7029"}],"wp:attachment":[{"href":"https:\/\/www.siah-croult.org\/_old\/wp-json\/wp\/v2\/media?parent=7024"}],"curies":[{"name":"wp","href":"https:\/\/api.w.org\/{rel}","templated":true}]}}