{"id":6150,"date":"2019-01-16T14:07:47","date_gmt":"2019-01-16T13:07:47","guid":{"rendered":"https:\/\/www.siah-croult.org\/_old\/?page_id=6150"},"modified":"2021-11-02T15:40:57","modified_gmt":"2021-11-02T14:40:57","slug":"nos-plaquettes","status":"publish","type":"page","link":"https:\/\/www.siah-croult.org\/_old\/nos-plaquettes\/","title":{"rendered":"Nos plaquettes"},"content":{"rendered":"<div class=\"col-sm-4\"><img decoding=\"async\" class=\"img-responsive\" src=\"https:\/\/www.siah-croult.org\/_old\/wp-content\/uploads\/2021\/11\/img-plaquette-img-subventions.jpg\" \/><\/p>\n<div class=\"p\"><a class=\"btn btn-block btn-success\" href=\"https:\/\/www.siah-croult.org\/_old\/wp-content\/uploads\/2021\/11\/Plaquette-Subvention.pdf\" target=\"_blank\" rel=\"noopener noreferrer\">T\u00e9l\u00e9charger<\/a><\/div>\n<\/div>\n<div class=\"col-sm-4\"><img decoding=\"async\" class=\"img-responsive\" src=\"https:\/\/www.siah-croult.org\/_old\/wp-content\/uploads\/2019\/01\/img-plaquette-img-siah.jpg\" \/><\/p>\n<div class=\"p\"><a class=\"btn btn-block btn-success\" href=\"https:\/\/www.siah-croult.org\/_old\/wp-content\/uploads\/2019\/01\/Plaquette-pre\u0301sentation-SIAH-BD.pdf\" target=\"_blank\" rel=\"noopener noreferrer\">T\u00e9l\u00e9charger<\/a><\/div>\n<\/div>\n<div class=\"col-sm-4\"><img decoding=\"async\" class=\"img-responsive\" src=\"https:\/\/www.siah-croult.org\/_old\/wp-content\/uploads\/2019\/01\/img-plaquette-img-conformite.jpg\" \/><\/p>\n<div class=\"p\"><a class=\"btn btn-block btn-success\" href=\"https:\/\/www.siah-croult.org\/_old\/wp-content\/uploads\/2019\/02\/Plaquette-mise-en-conformite\u0301-BD.pdf\" target=\"_blank\" rel=\"noopener noreferrer\">T\u00e9l\u00e9charger<\/a><\/div>\n<\/div>\n<div class=\"col-sm-4\"><img decoding=\"async\" class=\"img-responsive\" src=\"https:\/\/www.siah-croult.org\/_old\/wp-content\/uploads\/2019\/01\/img-plaquette-img-itv.jpg\" \/><\/p>\n<div class=\"p\"><a class=\"btn btn-block btn-success\" href=\"https:\/\/www.siah-croult.org\/_old\/wp-content\/uploads\/2019\/02\/ITV.pdf\" target=\"_blank\" rel=\"noopener noreferrer\">T\u00e9l\u00e9charger<\/a><\/div>\n<\/div>\n<div class=\"col-sm-4\"><img decoding=\"async\" class=\"img-responsive\" src=\"https:\/\/www.siah-croult.org\/_old\/wp-content\/uploads\/2019\/01\/img-plaquette-img-assainissement.jpg\" \/><\/p>\n<div class=\"p\"><a class=\"btn btn-block btn-success\" href=\"https:\/\/www.siah-croult.org\/_old\/wp-content\/uploads\/2019\/02\/Plaquettes-ANC.pdf\" target=\"_blank\" rel=\"noopener noreferrer\">T\u00e9l\u00e9charger<\/a><\/div>\n<\/div>\n<div class=\"col-sm-4\"><img decoding=\"async\" class=\"img-responsive\" src=\"https:\/\/www.siah-croult.org\/_old\/wp-content\/uploads\/2019\/01\/img-plaquette-img-visite.jpg\" \/><\/p>\n<div class=\"p\"><a class=\"btn btn-block btn-success\" href=\"https:\/\/www.siah-croult.org\/_old\/wp-content\/uploads\/2021\/01\/Se\u0301paration-des-eaux.pdf\" target=\"_blank\" rel=\"noopener noreferrer\">T\u00e9l\u00e9charger<\/a><\/div>\n<\/div>\n<div class=\"col-sm-4\"><img decoding=\"async\" class=\"img-responsive\" src=\"https:\/\/www.siah-croult.org\/_old\/wp-content\/uploads\/2019\/02\/img-plaquette-img-pluviales.jpg\" \/><\/p>\n<div class=\"p\"><a class=\"btn btn-block btn-success\" href=\"https:\/\/www.siah-croult.org\/_old\/wp-content\/uploads\/2019\/02\/Gestion-des-eaux-pluviales-a\u0300-la-parcelle-BD-1.pdf\" target=\"_blank\" rel=\"noopener noreferrer\">T\u00e9l\u00e9charger<\/a><\/div>\n<\/div>\n<div class=\"col-sm-4\"><img decoding=\"async\" class=\"img-responsive\" src=\"https:\/\/www.siah-croult.org\/_old\/wp-content\/uploads\/2019\/02\/img-plaquette-img-prescriptions.jpg\" \/><\/p>\n<div class=\"p\"><a class=\"btn btn-block btn-success\" href=\"https:\/\/www.siah-croult.org\/_old\/wp-content\/uploads\/2019\/02\/Prescriptions-techniques.pdf\" target=\"_blank\" rel=\"noopener noreferrer\">T\u00e9l\u00e9charger<\/a><\/div>\n<\/div>\n<div class=\"col-sm-4\"><img decoding=\"async\" class=\"img-responsive\" src=\"https:\/\/www.siah-croult.org\/_old\/wp-content\/uploads\/2019\/02\/img-plaquette-img-raccordement.jpg\" \/><\/p>\n<div class=\"p\"><a class=\"btn btn-block btn-success\" href=\"https:\/\/www.siah-croult.org\/_old\/wp-content\/uploads\/2019\/02\/Guide-de-raccordement-BD.pdf\" target=\"_blank\" rel=\"noopener noreferrer\">T\u00e9l\u00e9charger<\/a><\/div>\n<\/div>\n<div class=\"col-sm-4\"><img decoding=\"async\" class=\"img-responsive\" src=\"https:\/\/www.siah-croult.org\/_old\/wp-content\/uploads\/2019\/03\/img-plaquette-img-curage.jpg\" \/><\/p>\n<div class=\"p\"><a class=\"btn btn-block btn-success\" href=\"https:\/\/www.siah-croult.org\/_old\/wp-content\/uploads\/2019\/03\/Plaquette-curage-BD.pdf\" target=\"_blank\" rel=\"noopener noreferrer\">T\u00e9l\u00e9charger<\/a><\/div>\n<\/div>\n<div class=\"col-sm-4\"><img decoding=\"async\" class=\"img-responsive\" src=\"https:\/\/www.siah-croult.org\/_old\/wp-content\/uploads\/2019\/04\/img-plaquette-img-fauche.jpg\" \/><\/p>\n<div class=\"p\"><a class=\"btn btn-block btn-success\" href=\"https:\/\/www.siah-croult.org\/_old\/wp-content\/uploads\/2019\/04\/Fauche-BD.pdf\" target=\"_blank\" rel=\"noopener noreferrer\">T\u00e9l\u00e9charger<\/a><\/div>\n<\/div>\n<div class=\"col-sm-4\"><img decoding=\"async\" class=\"img-responsive\" src=\"https:\/\/www.siah-croult.org\/_old\/wp-content\/uploads\/2019\/04\/img-plaquette-img-bonnes-pratiques.jpg\" \/><\/p>\n<div class=\"p\"><a class=\"btn btn-block btn-success\" href=\"https:\/\/www.siah-croult.org\/_old\/wp-content\/uploads\/2019\/04\/Bonnes-pratiques-BD.pdf\" target=\"_blank\" rel=\"noopener noreferrer\">T\u00e9l\u00e9charger<\/a><\/div>\n<\/div>\n<div class=\"col-sm-4\"><img decoding=\"async\" class=\"img-responsive\" src=\"https:\/\/www.siah-croult.org\/_old\/wp-content\/uploads\/2019\/05\/img-plaquette-img-renaturation.jpg\" \/><\/p>\n<div class=\"p\"><a class=\"btn btn-block btn-success\" href=\"https:\/\/www.siah-croult.org\/_old\/wp-content\/uploads\/2019\/05\/Renaturation-des-rivie\u0300res.pdf\" target=\"_blank\" rel=\"noopener noreferrer\">T\u00e9l\u00e9charger<\/a><\/div>\n<\/div>\n<div class=\"col-sm-4\"><img decoding=\"async\" class=\"img-responsive\" src=\"https:\/\/www.siah-croult.org\/_old\/wp-content\/uploads\/2019\/07\/img-plaquette-img-renouvellement.jpg\" \/><\/p>\n<div class=\"p\"><a class=\"btn btn-block btn-success\" href=\"https:\/\/www.siah-croult.org\/_old\/wp-content\/uploads\/2019\/07\/Plaquette-De\u0301pose-repose-BD.pdf\" target=\"_blank\" rel=\"noopener noreferrer\">T\u00e9l\u00e9charger<\/a><\/div>\n<\/div>\n<div class=\"col-sm-4\"><img decoding=\"async\" class=\"img-responsive\" src=\"https:\/\/www.siah-croult.org\/_old\/wp-content\/uploads\/2019\/09\/img-plaquette-img-clapet.jpg\" \/><\/p>\n<div class=\"p\"><a class=\"btn btn-block btn-success\" href=\"https:\/\/www.siah-croult.org\/_old\/wp-content\/uploads\/2019\/09\/Plaquette-Clapet-anti-retour.pdf\" target=\"_blank\" rel=\"noopener noreferrer\">T\u00e9l\u00e9charger<\/a><\/div>\n<\/div>\n<div class=\"col-sm-4\"><img decoding=\"async\" class=\"img-responsive\" src=\"https:\/\/www.siah-croult.org\/_old\/wp-content\/uploads\/2019\/11\/img-plaquette-img-graisses.jpg\" \/><\/p>\n<div class=\"p\"><a class=\"btn btn-block btn-success\" href=\"https:\/\/www.siah-croult.org\/_old\/wp-content\/uploads\/2019\/11\/Bacs-a\u0300-graisses.pdf\" target=\"_blank\" rel=\"noopener noreferrer\">T\u00e9l\u00e9charger<\/a><\/div>\n<\/div>\n<div class=\"col-sm-4\"><img decoding=\"async\" class=\"img-responsive\" src=\"https:\/\/www.siah-croult.org\/_old\/wp-content\/uploads\/2020\/01\/img-plaquette-img-principes.jpg\" \/><\/p>\n<div class=\"p\"><a class=\"btn btn-block btn-success\" href=\"https:\/\/www.siah-croult.org\/_old\/wp-content\/uploads\/2020\/01\/Les-10-grands-principes-de-lassainissement.pdf\" target=\"_blank\" rel=\"noopener noreferrer\">T\u00e9l\u00e9charger<\/a><\/div>\n<\/div>\n<div class=\"col-sm-4\"><img decoding=\"async\" class=\"img-responsive\" src=\"https:\/\/www.siah-croult.org\/_old\/wp-content\/uploads\/2020\/06\/img-plaquette-img-inondations.jpg\" \/><\/p>\n<div class=\"p\"><a class=\"btn btn-block btn-success\" href=\"https:\/\/www.siah-croult.org\/_old\/wp-content\/uploads\/2020\/06\/Gestion-des-inondations.pdf\" target=\"_blank\" rel=\"noopener noreferrer\">T\u00e9l\u00e9charger<\/a><\/div>\n<\/div>\n","protected":false},"excerpt":{"rendered":"<p>T\u00e9l\u00e9charger T\u00e9l\u00e9charger T\u00e9l\u00e9charger T\u00e9l\u00e9charger T\u00e9l\u00e9charger T\u00e9l\u00e9charger T\u00e9l\u00e9charger T\u00e9l\u00e9charger T\u00e9l\u00e9charger T\u00e9l\u00e9charger T\u00e9l\u00e9charger T\u00e9l\u00e9charger T\u00e9l\u00e9charger T\u00e9l\u00e9charger T\u00e9l\u00e9charger T\u00e9l\u00e9charger T\u00e9l\u00e9charger T\u00e9l\u00e9charger<\/p>\n","protected":false},"author":1,"featured_media":0,"parent":0,"menu_order":0,"comment_status":"closed","ping_status":"closed","template":"","meta":{"footnotes":""},"class_list":["post-6150","page","type-page","status-publish","hentry"],"_links":{"self":[{"href":"https:\/\/www.siah-croult.org\/_old\/wp-json\/wp\/v2\/pages\/6150","targetHints":{"allow":["GET"]}}],"collection":[{"href":"https:\/\/www.siah-croult.org\/_old\/wp-json\/wp\/v2\/pages"}],"about":[{"href":"https:\/\/www.siah-croult.org\/_old\/wp-json\/wp\/v2\/types\/page"}],"author":[{"embeddable":true,"href":"https:\/\/www.siah-croult.org\/_old\/wp-json\/wp\/v2\/users\/1"}],"replies":[{"embeddable":true,"href":"https:\/\/www.siah-croult.org\/_old\/wp-json\/wp\/v2\/comments?post=6150"}],"version-history":[{"count":34,"href":"https:\/\/www.siah-croult.org\/_old\/wp-json\/wp\/v2\/pages\/6150\/revisions"}],"predecessor-version":[{"id":7547,"href":"https:\/\/www.siah-croult.org\/_old\/wp-json\/wp\/v2\/pages\/6150\/revisions\/7547"}],"wp:attachment":[{"href":"https:\/\/www.siah-croult.org\/_old\/wp-json\/wp\/v2\/media?parent=6150"}],"curies":[{"name":"wp","href":"https:\/\/api.w.org\/{rel}","templated":true}]}}