{"id":2059,"date":"2013-05-14T10:15:28","date_gmt":"2013-05-14T09:15:28","guid":{"rendered":"https:\/\/www.siah-croult.org\/_old\/?page_id=2059"},"modified":"2019-02-15T10:37:05","modified_gmt":"2019-02-15T09:37:05","slug":"entretien-des-reseaux","status":"publish","type":"page","link":"https:\/\/www.siah-croult.org\/_old\/prevention-des-pollutions\/entretien-des-reseaux\/","title":{"rendered":"Entretien des r\u00e9seaux"},"content":{"rendered":"<div class=\"col-sm-12\">\n<blockquote><p>Le bon \u00e9tat des r\u00e9seaux hydrauliques transportant eaux us\u00e9es et eaux pluviales est capital. En effet, leur \u00e9tanch\u00e9it\u00e9 doit \u00eatre garanti sur le long terme ainsi que le bonne s\u00e9paration des eaux us\u00e9es et des eaux pluviales (r\u00e9seaux s\u00e9paratifs). L&rsquo;objectif est d&rsquo;\u00e9viter toute contamination du milieu naturel par les eaux us\u00e9es.<\/p><\/blockquote>\n<\/div>\n<div class=\"clearfix\"><\/div>\n<hr \/>\n<div class=\"col-sm-12\">\n<div class=\"p\" style=\"text-align: justify;\">Les canalisations qui v\u00e9hiculent les eaux us\u00e9es ont une dur\u00e9e de vie th\u00e9orique d&rsquo;une cinquantaine d&rsquo;ann\u00e9es. Mais ces conduites sont soumises \u00e0 de nombreuses agressions mena\u00e7ant leur int\u00e9grit\u00e9 : agressions internes dues \u00e0 des eaux us\u00e9es corrosives, agressions externes provoqu\u00e9es par les vibrations dues aux passages de v\u00e9hicules lourds ou par des mouvements de terrain, etc.<\/div>\n<div class=\"p\" style=\"text-align: justify;\">Une canalisation enterr\u00e9e en milieu pavillonnaire par exemple aura une dur\u00e9e de vie plus longue qu&rsquo;une autre qui serai enterr\u00e9e en pleine zone industrielle. L&rsquo;usure des r\u00e9seaux n&rsquo;est donc homog\u00e8ne.<\/div>\n<div class=\"p\" style=\"text-align: justify;\">Le SIAH a donc adapt\u00e9 la fr\u00e9quence des campagnes d&rsquo;entretien aux besoins r\u00e9el du r\u00e9seau. Cette ad\u00e9quation s&rsquo;effectue sur la base des connaissances\u00a0 pratiques et des informations relev\u00e9es sur ces ouvrages.<\/div>\n<\/div>\n<div class=\"clearfix\"><\/div>\n<hr \/>\n<div class=\"col-sm-6\">\n<h2>Inspections t\u00e9l\u00e9vis\u00e9es<\/h2>\n<div class=\"p\" style=\"text-align: justify;\">Les r\u00e9seaux d\u2019eaux us\u00e9es et d\u2019eaux pluviales intercommunaux et communaux \u00e9voluent dans le temps.<\/div>\n<div class=\"p\" style=\"text-align: justify;\">Leur structure ainsi que leur \u00e9tanch\u00e9it\u00e9 peuvent s\u2019alt\u00e9rer sous l\u2019effet de facteurs internes et externes (corrosion due aux effluents, chocs dus aux v\u00e9hicules lourds, d\u00e9fauts structurels, etc.).<\/div>\n<div class=\"p\" style=\"text-align: justify;\">L\u2019inspection t\u00e9l\u00e9vis\u00e9e permet de visualiser la canalisation enterr\u00e9e de l\u2019int\u00e9rieur et de recueillir et compiler des informations tr\u00e8s pr\u00e9cises sur leur \u00e9tat.<\/div>\n<div class=\"p\" style=\"text-align: justify;\">Il en d\u00e9coule \u00e9ventuellement des pr\u00e9conisations d\u2019interventions ou de travaux. Cette approche permet d\u2019agir de fa\u00e7on pr\u00e9ventive, ce qui a le double avantage de r\u00e9duire les dommages environnementaux (en \u00e9vitant des d\u00e9versements d\u2019eaux us\u00e9es dans le milieu naturel par exemple) et de r\u00e9duire le plus souvent les co\u00fbts d\u2019intervention ou \u00e9ventuellement de lisser les d\u00e9penses financi\u00e8res par rapport au budget courant.<\/div>\n<div class=\"p\" style=\"text-align: justify;\">En 2017, 11 558 m\u00e8tres de r\u00e9seaux intercommunaux ont fait l\u2019objet d\u2019une inspection t\u00e9l\u00e9vis\u00e9e ainsi que 8 791 m\u00e8tres de r\u00e9seaux des communes conventionn\u00e9es.<\/div>\n<\/div>\n<div class=\"col-sm-6\"><img decoding=\"async\" class=\"img-responsive\" style=\"margin-top: 30px;\" src=\"https:\/\/www.siah-croult.org\/_old\/wp-content\/uploads\/2013\/06\/img_page_entretienreseaux_2.png\" \/><\/div>\n<div class=\"clearfix\"><\/div>\n<hr \/>\n<div class=\"col-sm-6\"><img decoding=\"async\" class=\"img-responsive\" style=\"margin-top: 30px;\" src=\"https:\/\/www.siah-croult.org\/_old\/wp-content\/uploads\/2018\/11\/img_page_entretienreseaux_2.jpg\" \/><\/div>\n<div class=\"col-sm-6\">\n<h2>Curage<\/h2>\n<div class=\"p\" style=\"text-align: justify;\">Le curage d\u2019une canalisation consiste \u00e0 envoyer un tuyau souple \u00e0 haute pression \u00e0 l\u2019int\u00e9rieur du collecteur.<\/div>\n<div class=\"p\" style=\"text-align: justify;\">En 2017, 42\u00a0939 m\u00e8tres de canalisations syndicales d\u2019eaux us\u00e9es et 385 m\u00e8tres de canalisations syndicales d\u2019eaux pluviales et d\u2019ouvrages visitables ont \u00e9t\u00e9 cur\u00e9s.<\/div>\n<div class=\"p\" style=\"text-align: justify;\">En ce qui concerne les canalisations communales, 36 634 m\u00e8tres de canalisation d\u2019eaux us\u00e9es et 2 847 m\u00e8tres de canalisation d\u2019eaux pluviales ont \u00e9t\u00e9 cur\u00e9s.<\/div>\n<div class=\"p\" style=\"text-align: justify;\">1 283 tonnes de sable ont \u00e9t\u00e9 extraites de ces ouvrages en 2017.<\/div>\n<div class=\"p\" style=\"text-align: justify;\">Il faut noter que depuis plusieurs ann\u00e9es, les fr\u00e9quences des campagnes de curage des canalisations ont largement augment\u00e9es du fait de l&rsquo;utilisation croissante des lingettes et surtout de leur rejet dans les toilettes. Ces lingettes finissent par s&rsquo;amalgamer avec des graisses et provoquent d\u2019importants d\u00e9g\u00e2ts voire des d\u00e9bordements lorsque qu&rsquo;une canalisation se bouche \u00e0 cause de la formation d&rsquo;un bouchon (lingettes + graisse).<\/div>\n<\/div>\n<div class=\"clearfix\"><\/div>\n<hr \/>\n<div class=\"col-sm-6\">\n<h2>Op\u00e9rations de travaux<\/h2>\n<div class=\"p\" style=\"text-align: justify;\">Les op\u00e9rations de travaux concernent principalement trois cas sp\u00e9cifiques : installation de nouvelles canalisations, remplacement d&rsquo;une canalisation existante par une autre et r\u00e9habilitation d&rsquo;une canalisation.<\/div>\n<div class=\"p\" style=\"text-align: justify;\">La pause d&rsquo;une nouvelle canalisation permet de raccorder de nouveaux sites (nouvelle zone pavillonnaire, etc.) au syst\u00e8me de traitement des eaux us\u00e9es.<\/div>\n<div class=\"p\" style=\"text-align: justify;\">Le remplacement d&rsquo;une canalisation s&rsquo;effectue lorsque l&rsquo;ancienne est trop v\u00e9tuste ou lorsqu\u2019elle est devenue sous-dimensionn\u00e9e par rapport au nombre de foyers raccord\u00e9s.<\/div>\n<div class=\"p\" style=\"text-align: justify;\">Enfin, la r\u00e9habilitation s&rsquo;effectue sur une canalisation ab\u00eem\u00e9e qui va \u00eatre restaur\u00e9e par le biais de techniques de travaux sans tranch\u00e9es.<\/div>\n<div class=\"p\" style=\"text-align: justify;\">Ces techniques sont privil\u00e9gi\u00e9es car elles sont plus \u00e9conomiques et cr\u00e9ent beaucoup moins de nuisances.<\/div>\n<\/div>\n<div class=\"col-sm-6\"><img decoding=\"async\" class=\"img-responsive\" style=\"margin-top: 30px;\" src=\"https:\/\/www.siah-croult.org\/_old\/wp-content\/uploads\/2013\/06\/img_page_entretienreseaux_3.jpg\" \/><\/div>\n<div class=\"clearfix\"><\/div>\n<hr \/>\n<div class=\"col-sm-12\">\n<h2>V\u00e9rification de la bonne s\u00e9paration des eaux us\u00e9es et des eaux pluviales<\/h2>\n<div class=\"p\" style=\"text-align: justify;\">Le r\u00e9seau d\u2019assainissement du SIAH est de type s\u00e9paratif. Le respect de la bonne s\u00e9paration des eaux us\u00e9es et des eaux pluviales est une condition indispensable pour le bon fonctionnement du syst\u00e8me mais \u00e9galement pour le respect du milieu naturel. Les agents du SIAH Croult et Petit Rosne effectuent, tout au long de l\u2019ann\u00e9e, des v\u00e9rifications des raccordements de particuliers aux r\u00e9seaux hydrauliques.<\/div>\n<div class=\"clearfix\"><\/div>\n<hr class=\"blank\" \/>\n<table class=\"table\" style=\"height: 204px;\" width=\"1098\">\n<tbody>\n<tr>\n<th><\/th>\n<th>2013<\/th>\n<th>2014<\/th>\n<th>2015<\/th>\n<th>2016<\/th>\n<th>2017<\/th>\n<\/tr>\n<tr>\n<td align=\"center\"><strong>Nombre de contr\u00f4les effectu\u00e9s<\/strong><\/td>\n<td align=\"center\">396<\/td>\n<td align=\"center\">423<\/td>\n<td align=\"center\">465<\/td>\n<td align=\"center\">466<\/td>\n<td align=\"center\">599<\/td>\n<\/tr>\n<tr>\n<td align=\"center\"><strong>Non-conformit\u00e9s d\u00e9tect\u00e9es<\/strong><\/td>\n<td align=\"center\">57<\/td>\n<td align=\"center\">87<\/td>\n<td align=\"center\">126<\/td>\n<td align=\"center\">123<\/td>\n<td align=\"center\">219<\/td>\n<\/tr>\n<tr>\n<td align=\"center\"><strong>Taux de non conformit\u00e9<\/strong><\/td>\n<td align=\"center\">14%<\/td>\n<td align=\"center\">21%<\/td>\n<td align=\"center\">27%<\/td>\n<td align=\"center\">26%<\/td>\n<td align=\"center\">36,5%<\/td>\n<\/tr>\n<\/tbody>\n<\/table>\n<\/div>\n    <div class=\"clearfix\"><\/div>\n    <hr class=\"special\">\n    <div class=\"col-sm-12 col-parent-list-container\">\n        <h2 class=\"text-center\">Vous pouvez \u00e9galement consulter les pages suivantes<\/h2>\n        <div class=\"clearfix\"><\/div>\n        <div class=\"row\">\n                           <div class=\"col-xs-6 col-sm-3 col-parent-list\">\n                    <div class=\"element\">\n                        <a href=\"https:\/\/www.siah-croult.org\/_old\/restauration-des-rivieres\/\">\n                            <div class=\"thumbnail\" style=\"background-image: url('https:\/\/www.siah-croult.org\/_old\/wp-content\/uploads\/2013\/06\/img_page_restaurationriviere.png')\"><\/div>\n                        <\/a>\n                        <div class=\"title\"><a href=\"https:\/\/www.siah-croult.org\/_old\/restauration-des-rivieres\/\">Restauration des rivi\u00e8res<\/a><\/div>\n                    <\/div>\n                <\/div>\n                             <div class=\"col-xs-6 col-sm-3 col-parent-list\">\n                    <div class=\"element\">\n                        <a href=\"https:\/\/www.siah-croult.org\/_old\/le-siah-croult-et-petit-rosne\/\">\n                            <div class=\"thumbnail\" style=\"background-image: url('https:\/\/www.siah-croult.org\/_old\/wp-content\/uploads\/2013\/01\/img_page_fonctionnement_thumb.png')\"><\/div>\n                        <\/a>\n                        <div class=\"title\"><a href=\"https:\/\/www.siah-croult.org\/_old\/le-siah-croult-et-petit-rosne\/\">Le SIAH Croult et Petit Rosne<\/a><\/div>\n                    <\/div>\n                <\/div>\n                             <div class=\"col-xs-6 col-sm-3 col-parent-list\">\n                    <div class=\"element\">\n                        <a href=\"https:\/\/www.siah-croult.org\/_old\/prevention-des-pollutions\/\">\n                            <div class=\"thumbnail\" style=\"background-image: url('https:\/\/www.siah-croult.org\/_old\/wp-content\/uploads\/2013\/06\/img_page_preventionpollutions.jpg')\"><\/div>\n                        <\/a>\n                        <div class=\"title\"><a href=\"https:\/\/www.siah-croult.org\/_old\/prevention-des-pollutions\/\">Pr\u00e9vention des pollutions<\/a><\/div>\n                    <\/div>\n                <\/div>\n                             <div class=\"col-xs-6 col-sm-3 col-parent-list\">\n                    <div class=\"element\">\n                        <a href=\"https:\/\/www.siah-croult.org\/_old\/prevention-des-inondations\/\">\n                            <div class=\"thumbnail\" style=\"background-image: url('https:\/\/www.siah-croult.org\/_old\/wp-content\/uploads\/2013\/04\/img_page_preventioninondations.jpg')\"><\/div>\n                        <\/a>\n                        <div class=\"title\"><a href=\"https:\/\/www.siah-croult.org\/_old\/prevention-des-inondations\/\">Pr\u00e9vention des inondations<\/a><\/div>\n                    <\/div>\n                <\/div>\n                     <\/div>\n    <\/div>\n    \n","protected":false},"excerpt":{"rendered":"<p>Le bon \u00e9tat des r\u00e9seaux hydrauliques transportant eaux us\u00e9es et eaux pluviales est capital. En effet, leur \u00e9tanch\u00e9it\u00e9 doit \u00eatre garanti sur le long terme ainsi que le bonne s\u00e9paration des eaux us\u00e9es et des eaux pluviales (r\u00e9seaux s\u00e9paratifs). L&rsquo;objectif est d&rsquo;\u00e9viter toute contamination du milieu naturel par les eaux us\u00e9es. Les canalisations qui v\u00e9hiculent [&hellip;]<\/p>\n","protected":false},"author":3,"featured_media":2282,"parent":1973,"menu_order":2,"comment_status":"closed","ping_status":"closed","template":"","meta":{"footnotes":""},"class_list":["post-2059","page","type-page","status-publish","has-post-thumbnail","hentry"],"_links":{"self":[{"href":"https:\/\/www.siah-croult.org\/_old\/wp-json\/wp\/v2\/pages\/2059","targetHints":{"allow":["GET"]}}],"collection":[{"href":"https:\/\/www.siah-croult.org\/_old\/wp-json\/wp\/v2\/pages"}],"about":[{"href":"https:\/\/www.siah-croult.org\/_old\/wp-json\/wp\/v2\/types\/page"}],"author":[{"embeddable":true,"href":"https:\/\/www.siah-croult.org\/_old\/wp-json\/wp\/v2\/users\/3"}],"replies":[{"embeddable":true,"href":"https:\/\/www.siah-croult.org\/_old\/wp-json\/wp\/v2\/comments?post=2059"}],"version-history":[{"count":47,"href":"https:\/\/www.siah-croult.org\/_old\/wp-json\/wp\/v2\/pages\/2059\/revisions"}],"predecessor-version":[{"id":6195,"href":"https:\/\/www.siah-croult.org\/_old\/wp-json\/wp\/v2\/pages\/2059\/revisions\/6195"}],"up":[{"embeddable":true,"href":"https:\/\/www.siah-croult.org\/_old\/wp-json\/wp\/v2\/pages\/1973"}],"wp:featuredmedia":[{"embeddable":true,"href":"https:\/\/www.siah-croult.org\/_old\/wp-json\/wp\/v2\/media\/2282"}],"wp:attachment":[{"href":"https:\/\/www.siah-croult.org\/_old\/wp-json\/wp\/v2\/media?parent=2059"}],"curies":[{"name":"wp","href":"https:\/\/api.w.org\/{rel}","templated":true}]}}