{"id":2010,"date":"2013-04-29T15:05:09","date_gmt":"2013-04-29T14:05:09","guid":{"rendered":"https:\/\/www.siah-croult.org\/_old\/?page_id=2010"},"modified":"2018-11-29T11:03:34","modified_gmt":"2018-11-29T10:03:34","slug":"telegestion","status":"publish","type":"page","link":"https:\/\/www.siah-croult.org\/_old\/prevention-des-inondations\/telegestion\/","title":{"rendered":"T\u00e9l\u00e9gestion"},"content":{"rendered":"<div class=\"col-sm-12\">\n<blockquote><p>Le Syndicat Mixte pour l\u2019Am\u00e9nagement Hydraulique (SIAH) des Vall\u00e9es du Croult et du Petit Rosne a engag\u00e9 depuis plusieurs ann\u00e9es un programme d\u2019am\u00e9nagement du bassin versant destin\u00e9 \u00e0 r\u00e9guler les d\u00e9bits du r\u00e9seau hydrographique superficiel. L\u2019objectif est de r\u00e9duire les risques d\u2019inondations par un contr\u00f4le en temps r\u00e9el des bassins de retenue parmi les plus sensibles.<\/p><\/blockquote>\n<\/div>\n<div class=\"clearfix\"><\/div>\n<hr \/>\n<div class=\"col-sm-12\">\n<div class=\"p\" style=\"text-align: justify;\">En cas d\u2019alerte m\u00e9t\u00e9orologique, il est possible d\u2019agir \u00e0 distance sur ces bassins en man\u0153uvrant les vannes hydrauliques motoris\u00e9es. De cette fa\u00e7on, le volume d\u2019eau de pluie est stock\u00e9 dans le bassin de fa\u00e7on \u00e0 \u00e9viter ou minimiser la saturation du cours d\u2019eau. Le contr\u00f4le \u00e0 distance de ces vannes permet de gagner un temps pr\u00e9cieux car sans ce syst\u00e8me c\u2019est un technicien qui doit se d\u00e9placer (dans des conditions de circulations rendues difficiles par les intemp\u00e9ries) et actionner manuellement la vanne.<\/div>\n<div class=\"p\" style=\"text-align: justify;\">Les hydrauliciens du SIAH \u00a0re\u00e7oivent \u00e9galement en temps r\u00e9el des informations sur \u00a0l\u2019\u00e9tat du bassin\u00a0: taux de remplissage, d\u00e9bit, etc. Ces informations sont transmises jusqu\u2019au poste de gestion centralis\u00e9 gr\u00e2ce \u00e0 un ensemble de sondes dispos\u00e9s sur les r\u00e9seaux d\u2019eaux pluviales et d\u2019eaux us\u00e9es.<\/div>\n<\/div>\n<div class=\"clearfix\"><\/div>\n<hr \/>\n<div class=\"col-sm-6\">\n<h2>Le syst\u00e8me de t\u00e9l\u00e9gestion \u00a0se compose :<\/h2>\n<div class=\"p\">\n<ul>\n<li style=\"text-align: justify;\">D\u2019un poste de gestion technique centralis\u00e9e, destin\u00e9 \u00e0 g\u00e9rer les communications et \u00e0 superviser le syst\u00e8me,<\/li>\n<li style=\"text-align: justify;\">De quatorze bassins de retenue t\u00e9l\u00e9g\u00e9r\u00e9s, \u00e9quip\u00e9s de vannes motoris\u00e9es et de points de mesure de niveau, destin\u00e9s \u00e0 optimiser le fonctionnement hydraulique de ces bassins,<\/li>\n<li style=\"text-align: justify;\">De dix points de mesure de d\u00e9bit r\u00e9partis sur le Croult et Petit Rosne destin\u00e9s \u00e0 contr\u00f4ler de mani\u00e8re optimale les d\u00e9bits de fuite des bassins de r\u00e9tention et conna\u00eetre en temps r\u00e9el l&rsquo;\u00e9tat du syst\u00e8me hydraulique.<\/li>\n<\/ul>\n<\/div>\n<div class=\"p\" style=\"text-align: justify;\">Seule une strat\u00e9gie de t\u00e9l\u00e9gestion globale des ouvrages, consistant \u00e0 rechercher la meilleure r\u00e9partition des flux dans le syst\u00e8me hydraulique pour qu\u2019il fonctionne de mani\u00e8re optimale en tout point, est \u00e0 m\u00eame de prendre en compte l\u2019ensemble des objectifs de gestion.<\/div>\n<div class=\"p\" style=\"text-align: justify;\">La mise en \u0153uvre d\u2019une telle strat\u00e9gie suppose alors des extensions du syst\u00e8me de t\u00e9l\u00e9gestion existant et notamment \u00a0la mise en place d\u2019un r\u00e9seau de t\u00e9l\u00e9mesure sur les bassins non t\u00e9l\u00e9g\u00e9r\u00e9s et sur le r\u00e9seau \u00e0 l\u2019aval des bassins t\u00e9l\u00e9g\u00e9r\u00e9s, afin de conna\u00eetre en temps r\u00e9el l\u2019\u00e9tat du syst\u00e8me hydraulique.<\/div>\n<\/div>\n<div class=\"col-sm-6\">\n<p><img decoding=\"async\" class=\"img-responsive\" style=\"margin-top: 30px;\" src=\"https:\/\/www.siah-croult.org\/_old\/wp-content\/uploads\/2013\/08\/extrait_Supervision.jpg\" \/><\/p>\n<div class=\"img-notice\">Extrait d&rsquo;une vue temps r\u00e9el d&rsquo;une vanne hydraulique<\/div>\n<\/div>\n    <div class=\"clearfix\"><\/div>\n    <hr class=\"special\">\n    <div class=\"col-sm-12 col-parent-list-container\">\n        <h2 class=\"text-center\">Vous pouvez \u00e9galement consulter les pages suivantes<\/h2>\n        <div class=\"clearfix\"><\/div>\n        <div class=\"row\">\n                           <div class=\"col-xs-6 col-sm-3 col-parent-list\">\n                    <div class=\"element\">\n                        <a href=\"https:\/\/www.siah-croult.org\/_old\/restauration-des-rivieres\/\">\n                            <div class=\"thumbnail\" style=\"background-image: url('https:\/\/www.siah-croult.org\/_old\/wp-content\/uploads\/2013\/06\/img_page_restaurationriviere.png')\"><\/div>\n                        <\/a>\n                        <div class=\"title\"><a href=\"https:\/\/www.siah-croult.org\/_old\/restauration-des-rivieres\/\">Restauration des rivi\u00e8res<\/a><\/div>\n                    <\/div>\n                <\/div>\n                             <div class=\"col-xs-6 col-sm-3 col-parent-list\">\n                    <div class=\"element\">\n                        <a href=\"https:\/\/www.siah-croult.org\/_old\/le-siah-croult-et-petit-rosne\/\">\n                            <div class=\"thumbnail\" style=\"background-image: url('https:\/\/www.siah-croult.org\/_old\/wp-content\/uploads\/2013\/01\/img_page_fonctionnement_thumb.png')\"><\/div>\n                        <\/a>\n                        <div class=\"title\"><a href=\"https:\/\/www.siah-croult.org\/_old\/le-siah-croult-et-petit-rosne\/\">Le SIAH Croult et Petit Rosne<\/a><\/div>\n                    <\/div>\n                <\/div>\n                             <div class=\"col-xs-6 col-sm-3 col-parent-list\">\n                    <div class=\"element\">\n                        <a href=\"https:\/\/www.siah-croult.org\/_old\/prevention-des-pollutions\/\">\n                            <div class=\"thumbnail\" style=\"background-image: url('https:\/\/www.siah-croult.org\/_old\/wp-content\/uploads\/2013\/06\/img_page_preventionpollutions.jpg')\"><\/div>\n                        <\/a>\n                        <div class=\"title\"><a href=\"https:\/\/www.siah-croult.org\/_old\/prevention-des-pollutions\/\">Pr\u00e9vention des pollutions<\/a><\/div>\n                    <\/div>\n                <\/div>\n                             <div class=\"col-xs-6 col-sm-3 col-parent-list\">\n                    <div class=\"element\">\n                        <a href=\"https:\/\/www.siah-croult.org\/_old\/prevention-des-inondations\/\">\n                            <div class=\"thumbnail\" style=\"background-image: url('https:\/\/www.siah-croult.org\/_old\/wp-content\/uploads\/2013\/04\/img_page_preventioninondations.jpg')\"><\/div>\n                        <\/a>\n                        <div class=\"title\"><a href=\"https:\/\/www.siah-croult.org\/_old\/prevention-des-inondations\/\">Pr\u00e9vention des inondations<\/a><\/div>\n                    <\/div>\n                <\/div>\n                     <\/div>\n    <\/div>\n    \n","protected":false},"excerpt":{"rendered":"<p>Le Syndicat Mixte pour l\u2019Am\u00e9nagement Hydraulique (SIAH) des Vall\u00e9es du Croult et du Petit Rosne a engag\u00e9 depuis plusieurs ann\u00e9es un programme d\u2019am\u00e9nagement du bassin versant destin\u00e9 \u00e0 r\u00e9guler les d\u00e9bits du r\u00e9seau hydrographique superficiel. L\u2019objectif est de r\u00e9duire les risques d\u2019inondations par un contr\u00f4le en temps r\u00e9el des bassins de retenue parmi les plus [&hellip;]<\/p>\n","protected":false},"author":3,"featured_media":2308,"parent":2001,"menu_order":4,"comment_status":"closed","ping_status":"closed","template":"","meta":{"footnotes":""},"class_list":["post-2010","page","type-page","status-publish","has-post-thumbnail","hentry"],"_links":{"self":[{"href":"https:\/\/www.siah-croult.org\/_old\/wp-json\/wp\/v2\/pages\/2010","targetHints":{"allow":["GET"]}}],"collection":[{"href":"https:\/\/www.siah-croult.org\/_old\/wp-json\/wp\/v2\/pages"}],"about":[{"href":"https:\/\/www.siah-croult.org\/_old\/wp-json\/wp\/v2\/types\/page"}],"author":[{"embeddable":true,"href":"https:\/\/www.siah-croult.org\/_old\/wp-json\/wp\/v2\/users\/3"}],"replies":[{"embeddable":true,"href":"https:\/\/www.siah-croult.org\/_old\/wp-json\/wp\/v2\/comments?post=2010"}],"version-history":[{"count":22,"href":"https:\/\/www.siah-croult.org\/_old\/wp-json\/wp\/v2\/pages\/2010\/revisions"}],"predecessor-version":[{"id":6105,"href":"https:\/\/www.siah-croult.org\/_old\/wp-json\/wp\/v2\/pages\/2010\/revisions\/6105"}],"up":[{"embeddable":true,"href":"https:\/\/www.siah-croult.org\/_old\/wp-json\/wp\/v2\/pages\/2001"}],"wp:featuredmedia":[{"embeddable":true,"href":"https:\/\/www.siah-croult.org\/_old\/wp-json\/wp\/v2\/media\/2308"}],"wp:attachment":[{"href":"https:\/\/www.siah-croult.org\/_old\/wp-json\/wp\/v2\/media?parent=2010"}],"curies":[{"name":"wp","href":"https:\/\/api.w.org\/{rel}","templated":true}]}}