{"id":2001,"date":"2013-04-29T14:53:18","date_gmt":"2013-04-29T13:53:18","guid":{"rendered":"https:\/\/www.siah-croult.org\/_old\/?page_id=2001"},"modified":"2016-09-28T11:04:18","modified_gmt":"2016-09-28T10:04:18","slug":"prevention-des-inondations","status":"publish","type":"page","link":"https:\/\/www.siah-croult.org\/_old\/prevention-des-inondations\/","title":{"rendered":"Pr\u00e9vention des inondations"},"content":{"rendered":"<div class=\"col-sm-12\">\n<blockquote>\n<div class=\"p\">La vall\u00e9e du Petit Rosne a \u00e9t\u00e9 tr\u00e8s souvent le lieu d&rsquo;inondations plus ou moins importantes, le caract\u00e8re r\u00e9p\u00e9titif de ces catastrophes faisant la particularit\u00e9 de cette vall\u00e9e. Les \u00e9v\u00e9nements les plus marquants sont les inondations du 4 juillet 1926, des 17, 18 et 19 juillet 1972 et des 31 mai et 1er juin 1992.<\/div>\n<\/blockquote>\n<\/div>\n<div class=\"clearfix\"><\/div>\n<hr \/>\n<div class=\"col-sm-6\">\n<div class=\"p\" style=\"text-align: justify;\">La pression li\u00e9e \u00e0 l\u2019am\u00e9nagement du territoire est aujourd&rsquo;hui plus que jamais extr\u00eamement pr\u00e9sente autour des rivi\u00e8res.<\/div>\n<h2>Des actions en amont des projets &#8230;<\/h2>\n<div class=\"p\" style=\"text-align: justify;\">Ce ceinture des cours d&rsquo;eau qui se tisse au fil des projets, conduit le SIAH du Croult et du Petit Rosne \u00e0 \u00eatre tr\u00e8s vigilant afin que soient respect\u00e9s les espaces n\u00e9cessaires aux rivi\u00e8res pour s&rsquo;\u00e9pancher par temps de fortes pluies sans dommages pour les biens et les personnes.<\/div>\n<div class=\"p\" style=\"text-align: justify;\">Au-del\u00e0 des am\u00e9nagements hydrauliques qui demeurent n\u00e9cessaires afin de parfaire le degr\u00e9 de s\u00e9curit\u00e9 du territoire vis-\u00e0-vis des inondations, le SIAH se positionne tr\u00e8s en amont des projets afin de d\u00e9fendre l&rsquo;int\u00e9gration des contraintes environnementales dans le projets naissant.<\/div>\n<\/div>\n<div class=\"col-sm-6\"><img decoding=\"async\" class=\"img-responsive\" src=\"https:\/\/www.siah-croult.org\/_old\/wp-content\/uploads\/2013\/04\/img_page_preventioninondations.jpg\" \/><\/p>\n<div class=\"img-notice\">Sarcelles : inondation de 1926<\/div>\n<\/div>\n    <div class=\"clearfix\"><\/div>\n    <hr class=\"special\">\n    <div class=\"col-sm-12 col-parent-list-container\">\n        <h2 class=\"text-center\">Vous pouvez \u00e9galement consulter les pages suivantes<\/h2>\n        <div class=\"clearfix\"><\/div>\n        <div class=\"row\">\n                           <div class=\"col-xs-6 col-sm-3 col-parent-list\">\n                    <div class=\"element\">\n                        <a href=\"https:\/\/www.siah-croult.org\/_old\/restauration-des-rivieres\/\">\n                            <div class=\"thumbnail\" style=\"background-image: url('https:\/\/www.siah-croult.org\/_old\/wp-content\/uploads\/2013\/06\/img_page_restaurationriviere.png')\"><\/div>\n                        <\/a>\n                        <div class=\"title\"><a href=\"https:\/\/www.siah-croult.org\/_old\/restauration-des-rivieres\/\">Restauration des rivi\u00e8res<\/a><\/div>\n                    <\/div>\n                <\/div>\n                             <div class=\"col-xs-6 col-sm-3 col-parent-list\">\n                    <div class=\"element\">\n                        <a href=\"https:\/\/www.siah-croult.org\/_old\/le-siah-croult-et-petit-rosne\/\">\n                            <div class=\"thumbnail\" style=\"background-image: url('https:\/\/www.siah-croult.org\/_old\/wp-content\/uploads\/2013\/01\/img_page_fonctionnement_thumb.png')\"><\/div>\n                        <\/a>\n                        <div class=\"title\"><a href=\"https:\/\/www.siah-croult.org\/_old\/le-siah-croult-et-petit-rosne\/\">Le SIAH Croult et Petit Rosne<\/a><\/div>\n                    <\/div>\n                <\/div>\n                             <div class=\"col-xs-6 col-sm-3 col-parent-list\">\n                    <div class=\"element\">\n                        <a href=\"https:\/\/www.siah-croult.org\/_old\/prevention-des-pollutions\/\">\n                            <div class=\"thumbnail\" style=\"background-image: url('https:\/\/www.siah-croult.org\/_old\/wp-content\/uploads\/2013\/06\/img_page_preventionpollutions.jpg')\"><\/div>\n                        <\/a>\n                        <div class=\"title\"><a href=\"https:\/\/www.siah-croult.org\/_old\/prevention-des-pollutions\/\">Pr\u00e9vention des pollutions<\/a><\/div>\n                    <\/div>\n                <\/div>\n                             <div class=\"col-xs-6 col-sm-3 col-parent-list\">\n                    <div class=\"element\">\n                        <a href=\"https:\/\/www.siah-croult.org\/_old\/prevention-des-inondations\/\">\n                            <div class=\"thumbnail\" style=\"background-image: url('https:\/\/www.siah-croult.org\/_old\/wp-content\/uploads\/2013\/04\/img_page_preventioninondations.jpg')\"><\/div>\n                        <\/a>\n                        <div class=\"title\"><a href=\"https:\/\/www.siah-croult.org\/_old\/prevention-des-inondations\/\">Pr\u00e9vention des inondations<\/a><\/div>\n                    <\/div>\n                <\/div>\n                     <\/div>\n    <\/div>\n    \n","protected":false},"excerpt":{"rendered":"<p>La vall\u00e9e du Petit Rosne a \u00e9t\u00e9 tr\u00e8s souvent le lieu d&rsquo;inondations plus ou moins importantes, le caract\u00e8re r\u00e9p\u00e9titif de ces catastrophes faisant la particularit\u00e9 de cette vall\u00e9e. Les \u00e9v\u00e9nements les plus marquants sont les inondations du 4 juillet 1926, des 17, 18 et 19 juillet 1972 et des 31 mai et 1er juin 1992.<\/p>\n","protected":false},"author":3,"featured_media":2287,"parent":0,"menu_order":5,"comment_status":"closed","ping_status":"closed","template":"","meta":{"footnotes":""},"class_list":["post-2001","page","type-page","status-publish","has-post-thumbnail","hentry"],"_links":{"self":[{"href":"https:\/\/www.siah-croult.org\/_old\/wp-json\/wp\/v2\/pages\/2001","targetHints":{"allow":["GET"]}}],"collection":[{"href":"https:\/\/www.siah-croult.org\/_old\/wp-json\/wp\/v2\/pages"}],"about":[{"href":"https:\/\/www.siah-croult.org\/_old\/wp-json\/wp\/v2\/types\/page"}],"author":[{"embeddable":true,"href":"https:\/\/www.siah-croult.org\/_old\/wp-json\/wp\/v2\/users\/3"}],"replies":[{"embeddable":true,"href":"https:\/\/www.siah-croult.org\/_old\/wp-json\/wp\/v2\/comments?post=2001"}],"version-history":[{"count":24,"href":"https:\/\/www.siah-croult.org\/_old\/wp-json\/wp\/v2\/pages\/2001\/revisions"}],"predecessor-version":[{"id":4904,"href":"https:\/\/www.siah-croult.org\/_old\/wp-json\/wp\/v2\/pages\/2001\/revisions\/4904"}],"wp:featuredmedia":[{"embeddable":true,"href":"https:\/\/www.siah-croult.org\/_old\/wp-json\/wp\/v2\/media\/2287"}],"wp:attachment":[{"href":"https:\/\/www.siah-croult.org\/_old\/wp-json\/wp\/v2\/media?parent=2001"}],"curies":[{"name":"wp","href":"https:\/\/api.w.org\/{rel}","templated":true}]}}