{"id":1998,"date":"2013-04-29T14:49:31","date_gmt":"2013-04-29T13:49:31","guid":{"rendered":"https:\/\/www.siah-croult.org\/_old\/?page_id=1998"},"modified":"2017-01-12T14:34:32","modified_gmt":"2017-01-12T13:34:32","slug":"rejets-industriels","status":"publish","type":"page","link":"https:\/\/www.siah-croult.org\/_old\/prevention-des-pollutions\/rejets-industriels\/","title":{"rendered":"Rejets industriels"},"content":{"rendered":"<div class=\"col-sm-12\">\n<blockquote><p>Dans le cadre de l\u2019am\u00e9lioration du syst\u00e8me d\u2019assainissement, le SIAH met en place une d\u00e9marche de ma\u00eetrise de ses rejets non domestiques sur l\u2019ensemble de son territoire. Cette d\u00e9marche s\u2019inscrit notamment dans l\u2019objectif de respect des exigences r\u00e9glementaires actuelles. Une politique coh\u00e9rente et efficace en mati\u00e8re d\u2019assainissement des effluents industriels doit \u00eatre mise en place afin de r\u00e9duire dans son ensemble le d\u00e9versement de pollution dans les r\u00e9seaux d\u2019assainissement et d\u2019assurer la s\u00e9curit\u00e9 du personnel intervenant dans les r\u00e9seaux.<\/p><\/blockquote>\n<\/div>\n<div class=\"clearfix\"><\/div>\n<hr \/>\n<div class=\"col-sm-6\">\n<div class=\"p\" style=\"text-align: justify;\">Ainsi, en 2009\/2010, une \u00e9tude globale de risque sur les activit\u00e9s non domestiques a montr\u00e9 qu\u2019il est n\u00e9cessaire de mettre en place une politique territoriale \u00e0 l\u2019\u00e9chelle des bassins versants du Croult et du Petit Rosne, en collaboration \u00e9troite et indispensable avec l\u2019ensemble des communes.<\/div>\n<div class=\"p\" style=\"text-align: justify;\">Plus de 8\u00a0200 \u00e9tablissements industriels raccord\u00e9s aux syst\u00e8mes de collecte d\u2019eaux us\u00e9es et d\u2019eaux pluviales ont \u00e9t\u00e9 identifi\u00e9s, dont environ 960 susceptibles de rejeter des effluents \u00ab\u00a0probl\u00e9matiques\u00a0\u00bb.<\/div>\n<div class=\"p\" style=\"text-align: justify;\">C\u2019est dans ce cadre que s\u2019inscrit l\u2019action group\u00e9e entre le SIAH, les communes adh\u00e9rentes , le Conseil R\u00e9gional d\u2019Ile-de-France, le Conseil G\u00e9n\u00e9ral du Val-d\u2019Oise et l\u2019Agence de l\u2019Eau Seine-Normandie. L\u2019objectif du SIAH est d\u2019atteindre une ma\u00eetrise globale des rejets non domestiques principaux en 5 ans, c\u2019est-\u00e0-dire en d\u00e9livrant des arr\u00eat\u00e9s d\u2019autorisations de d\u00e9versement \u00e0 l\u2019ensemble des industriels ou assimil\u00e9es fix\u00e9s sur le p\u00e9rim\u00e8tre d\u2019action du SIAH.<\/div>\n<div class=\"p\" style=\"text-align: justify;\">L\u2019\u00e9tude actuellement port\u00e9e par le SIAH pr\u00e9sente un double objectif\u00a0: les mises en conformit\u00e9 techniques (r\u00e9alisation de travaux destin\u00e9s \u00e0 r\u00e9tablir la conformit\u00e9 des effluents) et administratives (d\u00e9livrance des arr\u00eat\u00e9s d\u2019autorisation de d\u00e9versement des eaux us\u00e9es autres que domestiques) des \u00e9tablissements industriels et assimil\u00e9s.<\/div>\n<\/div>\n<div class=\"col-sm-6\"><img decoding=\"async\" class=\"img-responsive\" src=\"https:\/\/www.siah-croult.org\/_old\/wp-content\/uploads\/2013\/08\/Photo-171sarcelles.jpg\" \/><\/p>\n<div class=\"img-notice\">Pollution industrielle en sortie de <strong>Goussainville<\/strong><\/div>\n<\/div>\n<div class=\"clearfix\"><\/div>\n<hr \/>\n<div class=\"col-sm-12\">\n<h3>Campagne de mesures :<\/h3>\n<div class=\"p\" style=\"text-align: justify;\">Afin de r\u00e9aliser un \u00e9tat initial, une campagne de mesures a \u00e9t\u00e9 effectu\u00e9e, pendant 7 jours en continu, en plusieurs points du r\u00e9seau d\u2019eaux us\u00e9es\u00a0:<\/div>\n<div class=\"p\">\n<ul>\n<li style=\"text-align: justify;\">5 points strat\u00e9giques correspondant \u00e0 des points de mesures permanents du SIAH.<\/li>\n<li style=\"text-align: justify;\">5 points situ\u00e9s en sortie de zones d\u2019activit\u00e9s industrielles.<\/li>\n<\/ul>\n<\/div>\n<h3>Visiter les \u00e9tablissements :<\/h3>\n<div class=\"p\" style=\"text-align: justify;\">Entre septembre 2012 et ao\u00fbt, 80 visites d\u2019\u00e9tablissements sont pr\u00e9vues. Dans le d\u00e9tail, cet objectif se d\u00e9cline de la fa\u00e7on suivante\u00a0:<\/div>\n<div class=\"p\">\n<ul>\n<li style=\"text-align: justify;\">R\u00e9aliser des investigations de terrain aupr\u00e8s des \u00e9tablissements.<\/li>\n<li style=\"text-align: justify;\">\u00c9tablir des projets d\u2019autorisation de d\u00e9versement en prenant en compte les objectifs en mati\u00e8re de ma\u00eetrise des pollutions d\u2019origine industrielle.<\/li>\n<li style=\"text-align: justify;\">Rechercher des optimisations possibles en vue de r\u00e9duire les flux et les risques de pollution accidentelle.<\/li>\n<li style=\"text-align: justify;\">Suivre les dossiers \u00e9tablis pour le d\u00e9versement des \u00e9tablissements industriels.<\/li>\n<\/ul>\n<\/div>\n<\/div>\n<div class=\"clearfix\"><\/div>\n<hr \/>\n<div class=\"col-sm-6\"><img decoding=\"async\" class=\"img-responsive\" style=\"margin-top: 30px;\" src=\"https:\/\/www.siah-croult.org\/_old\/wp-content\/uploads\/2013\/04\/img_page_rejetsindustriels.jpg\" \/><\/p>\n<div class=\"img-notice\">Pollution aux hydrocarbures stopp\u00e9es entre Garges-l\u00e8s-Gonesse et Sarcelles<\/div>\n<\/div>\n<div class=\"col-sm-6\">\n<h2>Une d\u00e9marche informative<\/h2>\n<div class=\"p\" style=\"text-align: justify;\">En 2012, des plaquettes de communication \u00e0 destination des \u00e9tablissements industriels et assimil\u00e9s et des communes adh\u00e9rentes au SIAH ont \u00e9t\u00e9 r\u00e9dig\u00e9es pour les sensibiliser \u00e0 la d\u00e9marche.<\/div>\n<div class=\"p\" style=\"text-align: justify;\">Des r\u00e9unions d\u2019information et de sensibilisation ont \u00e9t\u00e9 organis\u00e9es aupr\u00e8s de diff\u00e9rents organismes (communes, services des installations class\u00e9es, etc.). Suite \u00e0 une rencontre avec la Chambre de M\u00e9tiers et de l&rsquo;Artisanat du Val d&rsquo;Oise (CMA95), une intervention du SIAH au stage de formation pour les entrepreneurs sur le site de Villiers-le-Bel de la CMA95 a \u00e9t\u00e9 mise en place.<\/div>\n<div class=\"p\" style=\"text-align: justify;\">Cette formation, d\u2019une dur\u00e9e de 30 minutes tous les 15 jours, porte sur les enjeux crois\u00e9s des activit\u00e9s \u00e9conomiques et de la protection des milieux aquatiques et a d\u00e9but\u00e9 le 4 septembre 2012. Au 31 d\u00e9cembre 2012, plus d\u2019une soixantaine de personnes ont \u00e9t\u00e9 sensibilis\u00e9es (23 personnes du domaine du b\u00e2timent et des travaux divers, 16 personnes du domaine alimentaire, 7 personnes du domaine du nettoyage, 7 personnes du domaine des soins corporels, \u2026).<\/div>\n<div class=\"p\" style=\"text-align: justify;\">Au 31 d\u00e9cembre 2012, sur les 80 visites pr\u00e9vues, 39 entreprises ont \u00e9t\u00e9 contact\u00e9es, 26 rendez-vous ont \u00e9\u00a0\u00bbt\u00e9 pris, 20 visites \u00a0ont \u00e9t\u00e9 r\u00e9alis\u00e9es (25% d\u2019avancement) et \u00a01 compte-rendu de visite a \u00e9t\u00e9 transmis \u00e0 une entreprise. De plus, 8 \u00e9tablissements (40% des entreprises visit\u00e9es) ont \u00e9t\u00e9 identifi\u00e9s comme non-conformes et des travaux de mise en conformit\u00e9 ont \u00e9t\u00e9 pr\u00e9conis\u00e9s. En cas de besoin, des bilans de pollution en sortie des sites ont \u00e9t\u00e9 effectu\u00e9s.<\/div>\n<div class=\"p\" style=\"text-align: justify;\">Au 31 d\u00e9cembre 2012, 14 arr\u00eat\u00e9s d\u2019autorisation de d\u00e9versement d\u2019eaux us\u00e9es non domestiques sont en cours de validit\u00e9. Plusieurs autres arr\u00eat\u00e9s sont sur le point d\u2019\u00eatre d\u00e9livr\u00e9s. Compte tenu de l\u2019\u00e9tat d\u2019avancement de la d\u00e9marche, aucun dossier de demande d\u2019aide financi\u00e8re n\u2019a \u00e9t\u00e9 transmis \u00e0 l\u2019AESN et aucun suivi des travaux de mise en conformit\u00e9 n\u2019a \u00e9t\u00e9 r\u00e9alis\u00e9.<\/div>\n<div class=\"p\" style=\"text-align: justify;\">En 2013 et lors des ann\u00e9es suivantes, il est pr\u00e9vu de poursuivre la d\u00e9marche de ma\u00eetrise des rejets autres que domestiques.<\/div>\n<div class=\"p\" style=\"text-align: justify;\">Des r\u00e9flexions sont actuellement en cours pour l\u2019optimiser (contr\u00f4les inopin\u00e9s, fluidit\u00e9 des diff\u00e9rents \u00e9changes, classement de la base de donn\u00e9es des \u00e9tablissements industriels, \u2026).<\/div>\n<\/div>\n    <div class=\"clearfix\"><\/div>\n    <hr class=\"special\">\n    <div class=\"col-sm-12 col-parent-list-container\">\n        <h2 class=\"text-center\">Vous pouvez \u00e9galement consulter les pages suivantes<\/h2>\n        <div class=\"clearfix\"><\/div>\n        <div class=\"row\">\n                           <div class=\"col-xs-6 col-sm-3 col-parent-list\">\n                    <div class=\"element\">\n                        <a href=\"https:\/\/www.siah-croult.org\/_old\/restauration-des-rivieres\/\">\n                            <div class=\"thumbnail\" style=\"background-image: url('https:\/\/www.siah-croult.org\/_old\/wp-content\/uploads\/2013\/06\/img_page_restaurationriviere.png')\"><\/div>\n                        <\/a>\n                        <div class=\"title\"><a href=\"https:\/\/www.siah-croult.org\/_old\/restauration-des-rivieres\/\">Restauration des rivi\u00e8res<\/a><\/div>\n                    <\/div>\n                <\/div>\n                             <div class=\"col-xs-6 col-sm-3 col-parent-list\">\n                    <div class=\"element\">\n                        <a href=\"https:\/\/www.siah-croult.org\/_old\/le-siah-croult-et-petit-rosne\/\">\n                            <div class=\"thumbnail\" style=\"background-image: url('https:\/\/www.siah-croult.org\/_old\/wp-content\/uploads\/2013\/01\/img_page_fonctionnement_thumb.png')\"><\/div>\n                        <\/a>\n                        <div class=\"title\"><a href=\"https:\/\/www.siah-croult.org\/_old\/le-siah-croult-et-petit-rosne\/\">Le SIAH Croult et Petit Rosne<\/a><\/div>\n                    <\/div>\n                <\/div>\n                             <div class=\"col-xs-6 col-sm-3 col-parent-list\">\n                    <div class=\"element\">\n                        <a href=\"https:\/\/www.siah-croult.org\/_old\/prevention-des-pollutions\/\">\n                            <div class=\"thumbnail\" style=\"background-image: url('https:\/\/www.siah-croult.org\/_old\/wp-content\/uploads\/2013\/06\/img_page_preventionpollutions.jpg')\"><\/div>\n                        <\/a>\n                        <div class=\"title\"><a href=\"https:\/\/www.siah-croult.org\/_old\/prevention-des-pollutions\/\">Pr\u00e9vention des pollutions<\/a><\/div>\n                    <\/div>\n                <\/div>\n                             <div class=\"col-xs-6 col-sm-3 col-parent-list\">\n                    <div class=\"element\">\n                        <a href=\"https:\/\/www.siah-croult.org\/_old\/prevention-des-inondations\/\">\n                            <div class=\"thumbnail\" style=\"background-image: url('https:\/\/www.siah-croult.org\/_old\/wp-content\/uploads\/2013\/04\/img_page_preventioninondations.jpg')\"><\/div>\n                        <\/a>\n                        <div class=\"title\"><a href=\"https:\/\/www.siah-croult.org\/_old\/prevention-des-inondations\/\">Pr\u00e9vention des inondations<\/a><\/div>\n                    <\/div>\n                <\/div>\n                     <\/div>\n    <\/div>\n    \n","protected":false},"excerpt":{"rendered":"<p>Dans le cadre de l\u2019am\u00e9lioration du syst\u00e8me d\u2019assainissement, le SIAH met en place une d\u00e9marche de ma\u00eetrise de ses rejets non domestiques sur l\u2019ensemble de son territoire. Cette d\u00e9marche s\u2019inscrit notamment dans l\u2019objectif de respect des exigences r\u00e9glementaires actuelles. Une politique coh\u00e9rente et efficace en mati\u00e8re d\u2019assainissement des effluents industriels doit \u00eatre mise en place [&hellip;]<\/p>\n","protected":false},"author":3,"featured_media":2281,"parent":1973,"menu_order":3,"comment_status":"closed","ping_status":"closed","template":"","meta":{"footnotes":""},"class_list":["post-1998","page","type-page","status-publish","has-post-thumbnail","hentry"],"_links":{"self":[{"href":"https:\/\/www.siah-croult.org\/_old\/wp-json\/wp\/v2\/pages\/1998","targetHints":{"allow":["GET"]}}],"collection":[{"href":"https:\/\/www.siah-croult.org\/_old\/wp-json\/wp\/v2\/pages"}],"about":[{"href":"https:\/\/www.siah-croult.org\/_old\/wp-json\/wp\/v2\/types\/page"}],"author":[{"embeddable":true,"href":"https:\/\/www.siah-croult.org\/_old\/wp-json\/wp\/v2\/users\/3"}],"replies":[{"embeddable":true,"href":"https:\/\/www.siah-croult.org\/_old\/wp-json\/wp\/v2\/comments?post=1998"}],"version-history":[{"count":30,"href":"https:\/\/www.siah-croult.org\/_old\/wp-json\/wp\/v2\/pages\/1998\/revisions"}],"predecessor-version":[{"id":5057,"href":"https:\/\/www.siah-croult.org\/_old\/wp-json\/wp\/v2\/pages\/1998\/revisions\/5057"}],"up":[{"embeddable":true,"href":"https:\/\/www.siah-croult.org\/_old\/wp-json\/wp\/v2\/pages\/1973"}],"wp:featuredmedia":[{"embeddable":true,"href":"https:\/\/www.siah-croult.org\/_old\/wp-json\/wp\/v2\/media\/2281"}],"wp:attachment":[{"href":"https:\/\/www.siah-croult.org\/_old\/wp-json\/wp\/v2\/media?parent=1998"}],"curies":[{"name":"wp","href":"https:\/\/api.w.org\/{rel}","templated":true}]}}