{"id":1988,"date":"2013-04-29T14:39:34","date_gmt":"2013-04-29T13:39:34","guid":{"rendered":"https:\/\/www.siah-croult.org\/_old\/?page_id=1988"},"modified":"2018-11-30T10:16:18","modified_gmt":"2018-11-30T09:16:18","slug":"assainissement-des-eaux-usees","status":"publish","type":"page","link":"https:\/\/www.siah-croult.org\/_old\/prevention-des-pollutions\/assainissement-des-eaux-usees\/","title":{"rendered":"Assainissement des eaux us\u00e9es"},"content":{"rendered":"<div class=\"col-sm-12\">\n<blockquote><p>La station de d\u00e9pollution des eaux us\u00e9es du SIAH Croult et Petit Rosne a \u00e9t\u00e9 mise en service en 1993 sur des terrains appartenant \u00e0 la commune de Bonneuil-en-France, limitrophes des communes de Garges-l\u00e8s-Gonesse et de Dugny, le long des pistes du de l\u2019a\u00e9roport du Bourget. L\u2019int\u00e9r\u00eat de cet emplacement est qu\u2019il jouxte l\u2019exutoire des bassins versants du Croult et du Petit Rosne, permettant d\u2019acheminer les eaux us\u00e9es exclusivement de fa\u00e7on gravitaire.<\/p><\/blockquote>\n<\/div>\n<div class=\"clearfix\"><\/div>\n<hr \/>\n<div class=\"col-sm-6\">\n<h2>La station de d\u00e9pollution des eaux us\u00e9es<\/h2>\n<div class=\"p\" style=\"text-align: justify;\">Elle re\u00e7oit quotidiennement 49.636 m3 d\u2019eaux us\u00e9es (moyenne journali\u00e8re 2017) en provenance des 35 communes raccord\u00e9es (soit environ 250.000 habitants). Sa capacit\u00e9 maximale de traitement est de 55.500 m3 par jour (300.000 \u00e9quivalent\/habitants).<\/div>\n<div class=\"p\" style=\"text-align: justify;\">La station a \u00e9t\u00e9 con\u00e7ue en prenant en compte les possibles nuisances environnementales propres \u00e0 ce type d\u2019ouvrage, en particulier les mauvaises odeurs. Ainsi, elle dispose d\u2019un syst\u00e8me de d\u00e9sodorisation et aucun bassin n\u2019est \u00e0 ciel ouvert permettant ainsi, un contr\u00f4le parfait de ces nuisances. Au niveau visuel, de nombreux am\u00e9nagements paysagers ont permis de fondre la station dans le site avec un minimum de \u00ab\u00a0pollution visuelle\u00a0\u00bb.<\/div>\n<div class=\"p\" style=\"text-align: justify;\">La d\u00e9pollution des eaux us\u00e9es s&rsquo;effectue en plusieurs \u00e9tapes. Un filtrage grossier est d\u2019abord r\u00e9alis\u00e9 par une s\u00e9rie de d\u00e9grilleurs m\u00e9caniques. La deuxi\u00e8me \u00e9tape est d\u00e9di\u00e9e au dessablage et au d\u00e9shuilage.<\/div>\n<div class=\"p\" style=\"text-align: justify;\">Les sables (d\u00e9chets de la taille d\u2019un grain de sable) d\u00e9cantent en fond de bassin tandis que les graisses flottent \u00e0 la surface. Des raclages de surface et au fond du bassin permettent d\u2019extraite les pollutions. Les deux \u00e9tapes d\u00e9crites dans ce paragraphe correspondent \u00e0 ce que l\u2019on nomme le pr\u00e9traitement.<\/div>\n<div class=\"p\"><img decoding=\"async\" class=\"img-responsive\" src=\"https:\/\/www.siah-croult.org\/_old\/wp-content\/uploads\/2013\/04\/img_page_assainissementeauxusees_1.jpg\" \/><\/div>\n<\/div>\n<div class=\"col-sm-6\">\n<div class=\"p\"><img decoding=\"async\" class=\"img-responsive\" style=\"margin-top: 30px;\" src=\"https:\/\/www.siah-croult.org\/_old\/wp-content\/uploads\/2013\/04\/img_page_assainissementeauxusees_2.jpg\" \/><\/div>\n<div class=\"p\" style=\"text-align: justify;\">Apr\u00e8s la phase de pr\u00e9traitement, les eaux us\u00e9es sont dirig\u00e9es dans l\u2019unit\u00e9 de d\u00e9cantation primaire. Dans ces bassins, un double traitement, chimique et m\u00e9canique, va permettre d\u2019\u00e9liminer la fraction d\u00e9cantable de la pollution, c&rsquo;est-\u00e0-dire de fine particule en suspension. En sortie de d\u00e9cantation, l\u2019eau est d\u00e9j\u00e0 \u00a0redevenue transparente. Elle est pourtant encore loin d\u2019\u00eatre compl\u00e8tement d\u00e9pollu\u00e9e.<\/div>\n<div class=\"p\" style=\"text-align: justify;\">L\u2019\u00e9tape suivante est constitu\u00e9e par un traitement biologique des pollutions dissoutes dans les eaux us\u00e9es (pollutions carbon\u00e9es et azot\u00e9es). Les micro-organismes maintenus en suspension dans les bassins consomment la pollution.<\/div>\n<div class=\"p\" style=\"text-align: justify;\">Le r\u00e9sultat de cette consommation est r\u00e9cup\u00e9r\u00e9 pas d\u00e9cantation sous forme de boue biologique dans les bassins de clarification.<\/div>\n<div class=\"p\" style=\"text-align: justify;\">L&rsquo;ultime \u00e9tape est celle de la d\u00e9phosphatation durant laquelle un traitement chimique \u00e0 base de chlorure ferrique et polym\u00e8re provoque une pr\u00e9cipitation permettant une finition du traitement.<\/div>\n<\/div>\n<div class=\"clearfix\"><\/div>\n<hr \/>\n<div class=\"col-sm-12\">\n<h2>Les analyses de l\u2019eau en sortie de station<\/h2>\n<div class=\"p\">Le rejet en milieu naturel des eaux trait\u00e9es s\u2019effectue dans la Mor\u00e9e, un petit cours d\u2019eau qui rejoint le Croult pour se rejeter en Seine.<br \/>\nLes tableaux suivants pr\u00e9sentent les analyses de l\u2019eau en sortie de station comparativement aux normes \u00e0 respecter.<\/div>\n<div class=\"clearfix\"><\/div>\n<table class=\"table\" style=\"height: 215px;\" width=\"1015\">\n<tbody>\n<tr>\n<th><\/th>\n<th align=\"center\">DCO<br \/>\n<small>mg \/ l<\/small><\/th>\n<th align=\"center\">DBO5<br \/>\n<small>mg \/ l<\/small><\/th>\n<th align=\"center\">MES<br \/>\n<small>mg \/ l<\/small><\/th>\n<th align=\"center\">NH4<br \/>\n<small>mg \/ l<\/small><\/th>\n<th align=\"center\">NTK<br \/>\n<small>mg \/ l<\/small><\/th>\n<th align=\"center\">NGL<br \/>\n<small>mg \/ l<\/small><\/th>\n<th align=\"center\">Pt<br \/>\n<small>mg \/ l<\/small><\/th>\n<\/tr>\n<tr>\n<td align=\"center\" width=\"200\">Moyenne 2017<\/td>\n<td align=\"center\">43.1<\/td>\n<td align=\"center\">2.7<\/td>\n<td align=\"center\">14.3<\/td>\n<td align=\"center\">3.5<\/td>\n<td align=\"center\">6<\/td>\n<td align=\"center\">10,1<\/td>\n<td align=\"center\">0,6<\/td>\n<\/tr>\n<tr>\n<td align=\"center\" width=\"200\">Objectif de traitement<\/td>\n<td align=\"center\">90<\/td>\n<td align=\"center\">25<\/td>\n<td align=\"center\">30<\/td>\n<td align=\"center\" width=\"100\">\n<b class=\"text-success\"><small>Pas de norme<br \/>\nde rejet<\/small><\/b>\n<\/td>\n<td align=\"center\">10<\/td>\n<td align=\"center\">10<\/td>\n<td align=\"center\">1<\/td>\n<\/tr>\n<\/tbody>\n<\/table>\n<div class=\"clearfix\"><\/div>\n<table class=\"table\">\n<tbody>\n<tr>\n<th width=\"200\"><\/th>\n<th align=\"center\">DCO<\/th>\n<th align=\"center\">DBO5<\/th>\n<th align=\"center\">MES<\/th>\n<th align=\"center\">NTK<\/th>\n<th align=\"center\">NGL<\/th>\n<th align=\"center\">Pt<\/th>\n<\/tr>\n<tr>\n<td align=\"center\" width=\"200\">Moyenne \u00a02017<\/td>\n<td align=\"center\">93.2 %<\/td>\n<td align=\"center\">99,1 %<\/td>\n<td align=\"center\">95.4 %<\/td>\n<td align=\"center\">91.2 %<\/td>\n<td align=\"center\">85,2 %<\/td>\n<td align=\"center\">91,5 %<\/td>\n<\/tr>\n<tr>\n<td align=\"center\" width=\"200\">Objectif de rendement<\/td>\n<td align=\"center\">75 %<\/td>\n<td align=\"center\">80 %<\/td>\n<td align=\"center\">90 %<\/td>\n<td align=\"center\" width=\"100\">\n<b class=\"text-success\"><small>Pas de norme<br \/>\nde rejet<\/small><\/b>\n<\/td>\n<td align=\"center\">70 %<\/td>\n<td align=\"center\">80 %<\/td>\n<\/tr>\n<\/tbody>\n<\/table>\n<blockquote>\n<h5><strong>Remarque :<\/strong> l\u2019objectif de traitement en NGL et Pt est fix\u00e9 sur la moyenne annuelle de chacun de ces deux param\u00e8tres.<\/h5>\n<\/blockquote>\n<\/div>\n    <div class=\"clearfix\"><\/div>\n    <hr class=\"special\">\n    <div class=\"col-sm-12 col-parent-list-container\">\n        <h2 class=\"text-center\">Vous pouvez \u00e9galement consulter les pages suivantes<\/h2>\n        <div class=\"clearfix\"><\/div>\n        <div class=\"row\">\n                           <div class=\"col-xs-6 col-sm-3 col-parent-list\">\n                    <div class=\"element\">\n                        <a href=\"https:\/\/www.siah-croult.org\/_old\/restauration-des-rivieres\/\">\n                            <div class=\"thumbnail\" style=\"background-image: url('https:\/\/www.siah-croult.org\/_old\/wp-content\/uploads\/2013\/06\/img_page_restaurationriviere.png')\"><\/div>\n                        <\/a>\n                        <div class=\"title\"><a href=\"https:\/\/www.siah-croult.org\/_old\/restauration-des-rivieres\/\">Restauration des rivi\u00e8res<\/a><\/div>\n                    <\/div>\n                <\/div>\n                             <div class=\"col-xs-6 col-sm-3 col-parent-list\">\n                    <div class=\"element\">\n                        <a href=\"https:\/\/www.siah-croult.org\/_old\/le-siah-croult-et-petit-rosne\/\">\n                            <div class=\"thumbnail\" style=\"background-image: url('https:\/\/www.siah-croult.org\/_old\/wp-content\/uploads\/2013\/01\/img_page_fonctionnement_thumb.png')\"><\/div>\n                        <\/a>\n                        <div class=\"title\"><a href=\"https:\/\/www.siah-croult.org\/_old\/le-siah-croult-et-petit-rosne\/\">Le SIAH Croult et Petit Rosne<\/a><\/div>\n                    <\/div>\n                <\/div>\n                             <div class=\"col-xs-6 col-sm-3 col-parent-list\">\n                    <div class=\"element\">\n                        <a href=\"https:\/\/www.siah-croult.org\/_old\/prevention-des-pollutions\/\">\n                            <div class=\"thumbnail\" style=\"background-image: url('https:\/\/www.siah-croult.org\/_old\/wp-content\/uploads\/2013\/06\/img_page_preventionpollutions.jpg')\"><\/div>\n                        <\/a>\n                        <div class=\"title\"><a href=\"https:\/\/www.siah-croult.org\/_old\/prevention-des-pollutions\/\">Pr\u00e9vention des pollutions<\/a><\/div>\n                    <\/div>\n                <\/div>\n                             <div class=\"col-xs-6 col-sm-3 col-parent-list\">\n                    <div class=\"element\">\n                        <a href=\"https:\/\/www.siah-croult.org\/_old\/prevention-des-inondations\/\">\n                            <div class=\"thumbnail\" style=\"background-image: url('https:\/\/www.siah-croult.org\/_old\/wp-content\/uploads\/2013\/04\/img_page_preventioninondations.jpg')\"><\/div>\n                        <\/a>\n                        <div class=\"title\"><a href=\"https:\/\/www.siah-croult.org\/_old\/prevention-des-inondations\/\">Pr\u00e9vention des inondations<\/a><\/div>\n                    <\/div>\n                <\/div>\n                     <\/div>\n    <\/div>\n    \n","protected":false},"excerpt":{"rendered":"<p>La station de d\u00e9pollution des eaux us\u00e9es du SIAH Croult et Petit Rosne a \u00e9t\u00e9 mise en service en 1993 sur des terrains appartenant \u00e0 la commune de Bonneuil-en-France, limitrophes des communes de Garges-l\u00e8s-Gonesse et de Dugny, le long des pistes du de l\u2019a\u00e9roport du Bourget. L\u2019int\u00e9r\u00eat de cet emplacement est qu\u2019il jouxte l\u2019exutoire des [&hellip;]<\/p>\n","protected":false},"author":3,"featured_media":2244,"parent":1973,"menu_order":1,"comment_status":"closed","ping_status":"closed","template":"","meta":{"footnotes":""},"class_list":["post-1988","page","type-page","status-publish","has-post-thumbnail","hentry"],"_links":{"self":[{"href":"https:\/\/www.siah-croult.org\/_old\/wp-json\/wp\/v2\/pages\/1988","targetHints":{"allow":["GET"]}}],"collection":[{"href":"https:\/\/www.siah-croult.org\/_old\/wp-json\/wp\/v2\/pages"}],"about":[{"href":"https:\/\/www.siah-croult.org\/_old\/wp-json\/wp\/v2\/types\/page"}],"author":[{"embeddable":true,"href":"https:\/\/www.siah-croult.org\/_old\/wp-json\/wp\/v2\/users\/3"}],"replies":[{"embeddable":true,"href":"https:\/\/www.siah-croult.org\/_old\/wp-json\/wp\/v2\/comments?post=1988"}],"version-history":[{"count":42,"href":"https:\/\/www.siah-croult.org\/_old\/wp-json\/wp\/v2\/pages\/1988\/revisions"}],"predecessor-version":[{"id":6120,"href":"https:\/\/www.siah-croult.org\/_old\/wp-json\/wp\/v2\/pages\/1988\/revisions\/6120"}],"up":[{"embeddable":true,"href":"https:\/\/www.siah-croult.org\/_old\/wp-json\/wp\/v2\/pages\/1973"}],"wp:featuredmedia":[{"embeddable":true,"href":"https:\/\/www.siah-croult.org\/_old\/wp-json\/wp\/v2\/media\/2244"}],"wp:attachment":[{"href":"https:\/\/www.siah-croult.org\/_old\/wp-json\/wp\/v2\/media?parent=1988"}],"curies":[{"name":"wp","href":"https:\/\/api.w.org\/{rel}","templated":true}]}}