{"id":1969,"date":"2013-04-29T14:12:25","date_gmt":"2013-04-29T13:12:25","guid":{"rendered":"https:\/\/www.siah-croult.org\/_old\/?page_id=1969"},"modified":"2020-11-16T14:50:15","modified_gmt":"2020-11-16T13:50:15","slug":"qualite-de-leau","status":"publish","type":"page","link":"https:\/\/www.siah-croult.org\/_old\/restauration-des-rivieres\/qualite-de-leau\/","title":{"rendered":"Qualit\u00e9 de l&rsquo;eau"},"content":{"rendered":"<div class=\"col-sm-6\">\n<blockquote>\n<h2><span style=\"color: #000000;\">Le territoire du SIAH est d\u00e9fini par les deux bassins versants\u00a0des cours d\u2019eau du Croult et du Petit Rosne. Ce secteur est\u00a0situ\u00e9 au sud-est du Val d\u2019Oise sur une superficie de <strong>20.000\u00a0<\/strong><strong>hectares<\/strong>.<\/span><br \/>\n<span style=\"color: #000000;\">Ces deux cours d\u2019eau repr\u00e9sentent un lin\u00e9aire d\u2019environ\u00a0<strong>54 km<\/strong>. Le Petit Rosne est le plus important affluent du\u00a0Croult, il prend sa source \u00e0 Bouff\u00e9mont et rejoint le Croult au\u00a0niveau de la commune d\u2019Arnouville. Le Petit Rosne poss\u00e8de 9\u00a0affluents et le Croult poss\u00e8de 3 affluents.<\/span><\/h2>\n<\/blockquote>\n<h2 class=\"p\" style=\"padding-left: 30px; text-align: justify;\"><span style=\"color: #000000;\">La connaissance de la qualit\u00e9 des eaux de nos rivi\u00e8res s\u2019appuie sur des mesures effectu\u00e9es sur des sites repr\u00e9sentatifs par temps sec (au minimum 2 jours de temps sec).\u00a0<\/span><\/h2>\n<\/div>\n<div class=\"col-sm-6\">\n<p><img loading=\"lazy\" decoding=\"async\" class=\"img-responsive\" src=\"https:\/\/www.siah-croult.org\/_old\/wp-content\/uploads\/2013\/08\/MVC-740F.jpg\" width=\"384\" height=\"288\" \/><\/p>\n<div class=\"img-notice\">Vue sur le Croult<\/div>\n<\/div>\n<div class=\"clearfix\"><\/div>\n<hr \/>\n<div class=\"col-sm-12\">\n<p style=\"padding-left: 30px;\">Le suivi de la qualit\u00e9 des cours d&rsquo;eau est r\u00e9alis\u00e9 par des mesures pluriannuelle. Une vingtaine de points de mesure sont d\u00e9finis, 12 sur le bassin versant du Petit Rosne et 8 sur le bassin versant du Croult. Les r\u00e9sultats de ces mesures pour l&rsquo;ann\u00e9e 2019 sont repr\u00e9sent\u00e9s dans le tableau ci-dessous. Les points de mesure y sont r\u00e9partis en fonction des r\u00e9sultats sur chaque type de param\u00e8tre analys\u00e9. A quelques exception pr\u00e8s, la plupart des points de mesure sont r\u00e9partis entre les classes de qualit\u00e9 \u00ab passable \u00bb et \u00ab tr\u00e8s mauvaises \u00bb.<\/p>\n<div class=\"p\" style=\"text-align: justify;\"><img loading=\"lazy\" decoding=\"async\" class=\"size-full wp-image-7207 aligncenter\" src=\"https:\/\/www.siah-croult.org\/_old\/wp-content\/uploads\/2020\/11\/tableau_mesures_qualite.png\" alt=\"\" width=\"789\" height=\"378\" srcset=\"https:\/\/www.siah-croult.org\/_old\/wp-content\/uploads\/2020\/11\/tableau_mesures_qualite.png 789w, https:\/\/www.siah-croult.org\/_old\/wp-content\/uploads\/2020\/11\/tableau_mesures_qualite-768x368.png 768w\" sizes=\"auto, (max-width: 789px) 100vw, 789px\" \/><\/div>\n<\/div>\n<div class=\"clearfix\"><\/div>\n<hr \/>\n<div class=\"col-sm-12\"><\/div>\n    <div class=\"clearfix\"><\/div>\n    <hr class=\"special\">\n    <div class=\"col-sm-12 col-parent-list-container\">\n        <h2 class=\"text-center\">Vous pouvez \u00e9galement consulter les pages suivantes<\/h2>\n        <div class=\"clearfix\"><\/div>\n        <div class=\"row\">\n                           <div class=\"col-xs-6 col-sm-3 col-parent-list\">\n                    <div class=\"element\">\n                        <a href=\"https:\/\/www.siah-croult.org\/_old\/restauration-des-rivieres\/\">\n                            <div class=\"thumbnail\" style=\"background-image: url('https:\/\/www.siah-croult.org\/_old\/wp-content\/uploads\/2013\/06\/img_page_restaurationriviere.png')\"><\/div>\n                        <\/a>\n                        <div class=\"title\"><a href=\"https:\/\/www.siah-croult.org\/_old\/restauration-des-rivieres\/\">Restauration des rivi\u00e8res<\/a><\/div>\n                    <\/div>\n                <\/div>\n                             <div class=\"col-xs-6 col-sm-3 col-parent-list\">\n                    <div class=\"element\">\n                        <a href=\"https:\/\/www.siah-croult.org\/_old\/le-siah-croult-et-petit-rosne\/\">\n                            <div class=\"thumbnail\" style=\"background-image: url('https:\/\/www.siah-croult.org\/_old\/wp-content\/uploads\/2013\/01\/img_page_fonctionnement_thumb.png')\"><\/div>\n                        <\/a>\n                        <div class=\"title\"><a href=\"https:\/\/www.siah-croult.org\/_old\/le-siah-croult-et-petit-rosne\/\">Le SIAH Croult et Petit Rosne<\/a><\/div>\n                    <\/div>\n                <\/div>\n                             <div class=\"col-xs-6 col-sm-3 col-parent-list\">\n                    <div class=\"element\">\n                        <a href=\"https:\/\/www.siah-croult.org\/_old\/prevention-des-pollutions\/\">\n                            <div class=\"thumbnail\" style=\"background-image: url('https:\/\/www.siah-croult.org\/_old\/wp-content\/uploads\/2013\/06\/img_page_preventionpollutions.jpg')\"><\/div>\n                        <\/a>\n                        <div class=\"title\"><a href=\"https:\/\/www.siah-croult.org\/_old\/prevention-des-pollutions\/\">Pr\u00e9vention des pollutions<\/a><\/div>\n                    <\/div>\n                <\/div>\n                             <div class=\"col-xs-6 col-sm-3 col-parent-list\">\n                    <div class=\"element\">\n                        <a href=\"https:\/\/www.siah-croult.org\/_old\/prevention-des-inondations\/\">\n                            <div class=\"thumbnail\" style=\"background-image: url('https:\/\/www.siah-croult.org\/_old\/wp-content\/uploads\/2013\/04\/img_page_preventioninondations.jpg')\"><\/div>\n                        <\/a>\n                        <div class=\"title\"><a href=\"https:\/\/www.siah-croult.org\/_old\/prevention-des-inondations\/\">Pr\u00e9vention des inondations<\/a><\/div>\n                    <\/div>\n                <\/div>\n                     <\/div>\n    <\/div>\n    \n","protected":false},"excerpt":{"rendered":"<p>Le territoire du SIAH est d\u00e9fini par les deux bassins versants\u00a0des cours d\u2019eau du Croult et du Petit Rosne. Ce secteur est\u00a0situ\u00e9 au sud-est du Val d\u2019Oise sur une superficie de 20.000\u00a0hectares. Ces deux cours d\u2019eau repr\u00e9sentent un lin\u00e9aire d\u2019environ\u00a054 km. Le Petit Rosne est le plus important affluent du\u00a0Croult, il prend sa source \u00e0 [&hellip;]<\/p>\n","protected":false},"author":3,"featured_media":2236,"parent":841,"menu_order":4,"comment_status":"closed","ping_status":"closed","template":"","meta":{"footnotes":""},"class_list":["post-1969","page","type-page","status-publish","has-post-thumbnail","hentry"],"_links":{"self":[{"href":"https:\/\/www.siah-croult.org\/_old\/wp-json\/wp\/v2\/pages\/1969","targetHints":{"allow":["GET"]}}],"collection":[{"href":"https:\/\/www.siah-croult.org\/_old\/wp-json\/wp\/v2\/pages"}],"about":[{"href":"https:\/\/www.siah-croult.org\/_old\/wp-json\/wp\/v2\/types\/page"}],"author":[{"embeddable":true,"href":"https:\/\/www.siah-croult.org\/_old\/wp-json\/wp\/v2\/users\/3"}],"replies":[{"embeddable":true,"href":"https:\/\/www.siah-croult.org\/_old\/wp-json\/wp\/v2\/comments?post=1969"}],"version-history":[{"count":57,"href":"https:\/\/www.siah-croult.org\/_old\/wp-json\/wp\/v2\/pages\/1969\/revisions"}],"predecessor-version":[{"id":7209,"href":"https:\/\/www.siah-croult.org\/_old\/wp-json\/wp\/v2\/pages\/1969\/revisions\/7209"}],"up":[{"embeddable":true,"href":"https:\/\/www.siah-croult.org\/_old\/wp-json\/wp\/v2\/pages\/841"}],"wp:featuredmedia":[{"embeddable":true,"href":"https:\/\/www.siah-croult.org\/_old\/wp-json\/wp\/v2\/media\/2236"}],"wp:attachment":[{"href":"https:\/\/www.siah-croult.org\/_old\/wp-json\/wp\/v2\/media?parent=1969"}],"curies":[{"name":"wp","href":"https:\/\/api.w.org\/{rel}","templated":true}]}}